{"id":421,"date":"2026-02-21T12:33:14","date_gmt":"2026-02-21T11:33:14","guid":{"rendered":"https:\/\/kayakclubmillau.com\/accueil\/"},"modified":"2026-03-17T20:13:07","modified_gmt":"2026-03-17T19:13:07","slug":"accueil","status":"publish","type":"page","link":"https:\/\/kayakclubmillau.com\/fr\/","title":{"rendered":"Accueil"},"content":{"rendered":"\n<div class=\"wp-block-cover alignfull is-light\" style=\"min-height:915px;aspect-ratio:unset;\"><img loading=\"lazy\" decoding=\"async\" width=\"1024\" height=\"683\" class=\"wp-block-cover__image-background wp-image-50 size-large\" alt=\"\" src=\"https:\/\/kayakclubmillau.com\/wp-content\/uploads\/2026\/03\/NG2025_Lucien_Schreiber-528-1024x683.jpg\" data-object-fit=\"cover\" srcset=\"https:\/\/kayakclubmillau.com\/wp-content\/uploads\/2026\/03\/NG2025_Lucien_Schreiber-528-1024x683.jpg 1024w, https:\/\/kayakclubmillau.com\/wp-content\/uploads\/2026\/03\/NG2025_Lucien_Schreiber-528-300x200.jpg 300w, https:\/\/kayakclubmillau.com\/wp-content\/uploads\/2026\/03\/NG2025_Lucien_Schreiber-528-768x512.jpg 768w, https:\/\/kayakclubmillau.com\/wp-content\/uploads\/2026\/03\/NG2025_Lucien_Schreiber-528-1536x1024.jpg 1536w, https:\/\/kayakclubmillau.com\/wp-content\/uploads\/2026\/03\/NG2025_Lucien_Schreiber-528-2048x1365.jpg 2048w\" sizes=\"auto, (max-width: 1024px) 100vw, 1024px\" \/><span aria-hidden=\"true\" class=\"wp-block-cover__background has-background-dim-30 has-background-dim\" style=\"background-color:#a6afbe\"><\/span><div class=\"wp-block-cover__inner-container has-global-padding is-layout-constrained wp-block-cover-is-layout-constrained\">\n<h1 class=\"wp-block-heading alignfull has-text-align-center is-style-default has-accent-1-color has-text-color has-link-color has-beiruti-font-family wp-elements-f08be34a7be7f53900a70968127cd82b\" style=\"font-size:clamp(1.743rem, 1.743rem + ((1vw - 0.2rem) * 1.972), 3rem);\"><strong>COUPE DU MONDE DE KAYAK FREESTYLE<\/strong><\/h1>\n\n\n\n<p class=\"has-text-align-center is-style-default has-accent-2-color has-text-color has-link-color has-beiruti-font-family wp-elements-9c9eaa9ca1296a6110aa47b3e7ae9507\" style=\"font-size:clamp(1.743rem, 1.743rem + ((1vw - 0.2rem) * 1.972), 3rem);\"><strong>22 &#8211; 27 JUIN 2026<\/strong><\/p>\n\n\n\n<p class=\"has-text-align-center is-style-text-annotation has-base-color has-text-color has-background has-link-color has-beiruti-font-family wp-elements-97a8187f046fa0b37832b991a7588f95 is-style-text-annotation--1\" style=\"background-color:#69696969;font-size:clamp(1.25rem, 1.25rem + ((1vw - 0.2rem) * 1.176), 2rem);\"><strong>MILLAU<\/strong><\/p>\n<\/div><\/div>\n\n<div style=\"height:100px\" aria-hidden=\"true\" class=\"wp-block-spacer\"><\/div>\n\n<div class=\"wp-block-group alignfull has-global-padding is-layout-constrained wp-container-core-group-is-layout-17f7d5c5 wp-block-group-is-layout-constrained\" style=\"margin-top:0;margin-bottom:0;padding-top:0;padding-right:0;padding-left:0\">\n<p class=\"is-style-default has-beiruti-font-family has-large-font-size\">Millau est fi\u00e8re d&#8217;accueillir \u00e0 nouveau la communaut\u00e9 internationale du kayak freestyle et d&#8217;organiser ici <strong>la premi\u00e8re Coupe du monde de la saison 2026<\/strong> !<\/p>\n<\/div>\n\n<p><\/p>\n\n<div class=\"wp-block-group alignfull has-global-padding is-layout-constrained wp-container-core-group-is-layout-17f7d5c5 wp-block-group-is-layout-constrained\" style=\"margin-top:0;margin-bottom:0;padding-top:0;padding-right:0;padding-left:0\">\n<p class=\"is-style-default has-beiruti-font-family has-large-font-size\"><strong>Millau <\/strong>est depuis longtemps un point de ralliement pour les pagayeurs fran\u00e7ais et internationaux. Au fil des ans, le Tarn a accueilli de nombreuses comp\u00e9titions, dont une <strong>Coupe du monde en 2014<\/strong> et plusieurs Coupes d&#8217;Europe, dont beaucoup \u00e9taient li\u00e9es aux <strong>Natural Games<\/strong>. Pendant longtemps, la fin du mois de juin a marqu\u00e9 quatre jours o\u00f9 des athl\u00e8tes de diff\u00e9rentes disciplines de plein air se r\u00e9unissaient pour pagayer, concourir, danser en musique et partager une \u00e9nergie qui, pour beaucoup d\u2019entre nous, repr\u00e9sentait l\u2019essence m\u00eame de Millau.<\/p>\n\n\n\n<p class=\"has-beiruti-font-family has-large-font-size\"><\/p>\n\n\n\n<div style=\"height:100px\" aria-hidden=\"true\" class=\"wp-block-spacer\"><\/div>\n<\/div>\n\n<div class=\"wp-block-group alignfull has-beiruti-font-family has-global-padding is-layout-constrained wp-block-group-is-layout-constrained\">\n<h2 class=\"wp-block-heading alignwide has-text-align-left is-style-text-subtitle has-x-large-font-size is-style-text-subtitle--2\"><strong>Programme<\/strong><\/h2>\n\n\n\n<figure style=\"margin-right:0;margin-left:0;padding-top:0;padding-right:0\" class=\"wp-block-table\"><table class=\"has-accent-2-background-color has-background has-fixed-layout\"><tbody><tr><td><strong>Lundi 22 juin 2026<\/strong><\/td><td><strong>Entra\u00eenements officiels<\/strong><\/td><\/tr><tr><td><strong>Mardi 23 juin 2026<\/strong><\/td><td>Entra\u00eenements officiels<br\/>C\u00e9r\u00e9monie d&#8217;ouverture<br\/>D\u00eener athl\u00e8te<br\/>Soir\u00e9e<\/td><\/tr><tr><td><strong>Mercredi 24 juin 2026<\/strong><\/td><td><strong>Entra\u00eenements officiels<\/strong><\/td><\/tr><tr><td><strong>Jeudi 25 juin 2026<\/strong><\/td><td><strong>Jour de comp\u00e9tition 1<\/strong><\/td><\/tr><tr><td><strong>Vendredi 26 juin 2026<\/strong><\/td><td><strong>Jour 2 de comp\u00e9tition<\/strong><br\/>Dragon boat<br\/>Big Air<br\/>Soir\u00e9e sur place<\/td><\/tr><tr><td><strong>Samedi 27 juin 2026<\/strong><\/td><td><strong>Jour 3 de comp\u00e9tition<\/strong><br\/>Boarder cross<br\/>Big Air<br\/>Soir\u00e9e sur place<\/td><\/tr><\/tbody><\/table><\/figure>\n<\/div>\n\n<p><\/p>\n","protected":false},"excerpt":{"rendered":"<p>Millau est fi\u00e8re d&#8217;accueillir \u00e0 nouveau la communaut\u00e9 internationale du kayak freestyle et d&#8217;organiser ici la premi\u00e8re Coupe du monde de la saison 2026 ! Millau est depuis longtemps un point de ralliement pour les pagayeurs fran\u00e7ais et internationaux. Au fil des ans, le Tarn a accueilli de nombreuses comp\u00e9titions, dont une Coupe du monde [&hellip;]<\/p>\n","protected":false},"author":1,"featured_media":0,"parent":0,"menu_order":0,"comment_status":"closed","ping_status":"closed","template":"page-no-title","meta":{"footnotes":""},"class_list":["post-421","page","type-page","status-publish","hentry"],"yoast_head":"<!-- This site is optimized with the Yoast SEO plugin v27.3 - https:\/\/yoast.com\/product\/yoast-seo-wordpress\/ -->\n<title>Kayak Club Millau - Host of the 2026 freestyle kayaking ICF World Cup #1<\/title>\n<meta name=\"description\" content=\"Millau is proud to welcome the international freestyle community once again, and to host the first World Cup of the 2026 season here !\" \/>\n<meta name=\"robots\" content=\"index, follow, max-snippet:-1, max-image-preview:large, max-video-preview:-1\" \/>\n<link rel=\"canonical\" href=\"https:\/\/kayakclubmillau.com\/fr\/\" \/>\n<meta property=\"og:locale\" content=\"fr_FR\" \/>\n<meta property=\"og:type\" content=\"article\" \/>\n<meta property=\"og:title\" content=\"Kayak Club Millau - Host of the 2026 freestyle kayaking ICF World Cup #1\" \/>\n<meta property=\"og:description\" content=\"Millau is proud to welcome the international freestyle community once again, and to host the first World Cup of the 2026 season here !\" \/>\n<meta property=\"og:url\" content=\"https:\/\/kayakclubmillau.com\/fr\/\" \/>\n<meta property=\"og:site_name\" content=\"Kayak Club Millau\" \/>\n<meta property=\"article:publisher\" content=\"https:\/\/www.facebook.com\/kayakclubmillau\" \/>\n<meta property=\"article:modified_time\" content=\"2026-03-17T19:13:07+00:00\" \/>\n<meta property=\"og:image\" content=\"https:\/\/kayakclubmillau.com\/wp-content\/uploads\/2026\/03\/NG2025_Lucien_Schreiber-528-scaled.jpg\" \/>\n\t<meta property=\"og:image:width\" content=\"2560\" \/>\n\t<meta property=\"og:image:height\" content=\"1707\" \/>\n\t<meta property=\"og:image:type\" content=\"image\/jpeg\" \/>\n<meta name=\"twitter:card\" content=\"summary_large_image\" \/>\n<meta name=\"twitter:label1\" content=\"Dur\u00e9e de lecture estim\u00e9e\" \/>\n\t<meta name=\"twitter:data1\" content=\"2 minutes\" \/>\n<script type=\"application\/ld+json\" class=\"yoast-schema-graph\">{\"@context\":\"https:\\\/\\\/schema.org\",\"@graph\":[{\"@type\":\"WebPage\",\"@id\":\"https:\\\/\\\/kayakclubmillau.com\\\/fr\\\/\",\"url\":\"https:\\\/\\\/kayakclubmillau.com\\\/fr\\\/\",\"name\":\"Kayak Club Millau - Host of the 2026 freestyle kayaking ICF World Cup #1\",\"isPartOf\":{\"@id\":\"https:\\\/\\\/kayakclubmillau.com\\\/fr\\\/#website\"},\"primaryImageOfPage\":{\"@id\":\"https:\\\/\\\/kayakclubmillau.com\\\/fr\\\/#primaryimage\"},\"image\":{\"@id\":\"https:\\\/\\\/kayakclubmillau.com\\\/fr\\\/#primaryimage\"},\"thumbnailUrl\":\"https:\\\/\\\/kayakclubmillau.com\\\/wp-content\\\/uploads\\\/2026\\\/03\\\/NG2025_Lucien_Schreiber-528-1024x683.jpg\",\"datePublished\":\"2026-02-21T11:33:14+00:00\",\"dateModified\":\"2026-03-17T19:13:07+00:00\",\"description\":\"Millau is proud to welcome the international freestyle community once again, and to host the first World Cup of the 2026 season here !\",\"breadcrumb\":{\"@id\":\"https:\\\/\\\/kayakclubmillau.com\\\/fr\\\/#breadcrumb\"},\"inLanguage\":\"fr-FR\",\"potentialAction\":[{\"@type\":\"ReadAction\",\"target\":[\"https:\\\/\\\/kayakclubmillau.com\\\/fr\\\/\"]}]},{\"@type\":\"ImageObject\",\"inLanguage\":\"fr-FR\",\"@id\":\"https:\\\/\\\/kayakclubmillau.com\\\/fr\\\/#primaryimage\",\"url\":\"https:\\\/\\\/kayakclubmillau.com\\\/wp-content\\\/uploads\\\/2026\\\/03\\\/NG2025_Lucien_Schreiber-528-1024x683.jpg\",\"contentUrl\":\"https:\\\/\\\/kayakclubmillau.com\\\/wp-content\\\/uploads\\\/2026\\\/03\\\/NG2025_Lucien_Schreiber-528-1024x683.jpg\"},{\"@type\":\"BreadcrumbList\",\"@id\":\"https:\\\/\\\/kayakclubmillau.com\\\/fr\\\/#breadcrumb\",\"itemListElement\":[{\"@type\":\"ListItem\",\"position\":1,\"name\":\"Accueil\",\"item\":\"https:\\\/\\\/kayakclubmillau.com\\\/fr\\\/\"},{\"@type\":\"ListItem\",\"position\":2,\"name\":\"Accueil\"}]},{\"@type\":\"WebSite\",\"@id\":\"https:\\\/\\\/kayakclubmillau.com\\\/fr\\\/#website\",\"url\":\"https:\\\/\\\/kayakclubmillau.com\\\/fr\\\/\",\"name\":\"Kayak Club Millau\",\"description\":\"Host of the 2026 freestyle kayaking ICF World Cup #1\",\"publisher\":{\"@id\":\"https:\\\/\\\/kayakclubmillau.com\\\/fr\\\/#organization\"},\"potentialAction\":[{\"@type\":\"SearchAction\",\"target\":{\"@type\":\"EntryPoint\",\"urlTemplate\":\"https:\\\/\\\/kayakclubmillau.com\\\/fr\\\/?s={search_term_string}\"},\"query-input\":{\"@type\":\"PropertyValueSpecification\",\"valueRequired\":true,\"valueName\":\"search_term_string\"}}],\"inLanguage\":\"fr-FR\"},{\"@type\":\"Organization\",\"@id\":\"https:\\\/\\\/kayakclubmillau.com\\\/fr\\\/#organization\",\"name\":\"Kayak Club Millau\",\"url\":\"https:\\\/\\\/kayakclubmillau.com\\\/fr\\\/\",\"logo\":{\"@type\":\"ImageObject\",\"inLanguage\":\"fr-FR\",\"@id\":\"https:\\\/\\\/kayakclubmillau.com\\\/fr\\\/#\\\/schema\\\/logo\\\/image\\\/\",\"url\":\"https:\\\/\\\/kayakclubmillau.com\\\/wp-content\\\/uploads\\\/2026\\\/04\\\/cropped-logo-ICF-CANOE-FREESTYLE-WORLD-CUP-Millau-2026.png\",\"contentUrl\":\"https:\\\/\\\/kayakclubmillau.com\\\/wp-content\\\/uploads\\\/2026\\\/04\\\/cropped-logo-ICF-CANOE-FREESTYLE-WORLD-CUP-Millau-2026.png\",\"width\":512,\"height\":512,\"caption\":\"Kayak Club Millau\"},\"image\":{\"@id\":\"https:\\\/\\\/kayakclubmillau.com\\\/fr\\\/#\\\/schema\\\/logo\\\/image\\\/\"},\"sameAs\":[\"https:\\\/\\\/www.facebook.com\\\/kayakclubmillau\",\"https:\\\/\\\/www.instagram.com\\\/kayak_club_millau\\\/\",\"https:\\\/\\\/www.linkedin.com\\\/company\\\/kayak-club-millau\\\/about\\\/\"]}]}<\/script>\n<!-- \/ Yoast SEO plugin. -->","yoast_head_json":{"title":"Kayak Club Millau - Host of the 2026 freestyle kayaking ICF World Cup #1","description":"Millau is proud to welcome the international freestyle community once again, and to host the first World Cup of the 2026 season here !","robots":{"index":"index","follow":"follow","max-snippet":"max-snippet:-1","max-image-preview":"max-image-preview:large","max-video-preview":"max-video-preview:-1"},"canonical":"https:\/\/kayakclubmillau.com\/fr\/","og_locale":"fr_FR","og_type":"article","og_title":"Kayak Club Millau - Host of the 2026 freestyle kayaking ICF World Cup #1","og_description":"Millau is proud to welcome the international freestyle community once again, and to host the first World Cup of the 2026 season here !","og_url":"https:\/\/kayakclubmillau.com\/fr\/","og_site_name":"Kayak Club Millau","article_publisher":"https:\/\/www.facebook.com\/kayakclubmillau","article_modified_time":"2026-03-17T19:13:07+00:00","og_image":[{"width":2560,"height":1707,"url":"https:\/\/kayakclubmillau.com\/wp-content\/uploads\/2026\/03\/NG2025_Lucien_Schreiber-528-scaled.jpg","type":"image\/jpeg"}],"twitter_card":"summary_large_image","twitter_misc":{"Dur\u00e9e de lecture estim\u00e9e":"2 minutes"},"schema":{"@context":"https:\/\/schema.org","@graph":[{"@type":"WebPage","@id":"https:\/\/kayakclubmillau.com\/fr\/","url":"https:\/\/kayakclubmillau.com\/fr\/","name":"Kayak Club Millau - Host of the 2026 freestyle kayaking ICF World Cup #1","isPartOf":{"@id":"https:\/\/kayakclubmillau.com\/fr\/#website"},"primaryImageOfPage":{"@id":"https:\/\/kayakclubmillau.com\/fr\/#primaryimage"},"image":{"@id":"https:\/\/kayakclubmillau.com\/fr\/#primaryimage"},"thumbnailUrl":"https:\/\/kayakclubmillau.com\/wp-content\/uploads\/2026\/03\/NG2025_Lucien_Schreiber-528-1024x683.jpg","datePublished":"2026-02-21T11:33:14+00:00","dateModified":"2026-03-17T19:13:07+00:00","description":"Millau is proud to welcome the international freestyle community once again, and to host the first World Cup of the 2026 season here !","breadcrumb":{"@id":"https:\/\/kayakclubmillau.com\/fr\/#breadcrumb"},"inLanguage":"fr-FR","potentialAction":[{"@type":"ReadAction","target":["https:\/\/kayakclubmillau.com\/fr\/"]}]},{"@type":"ImageObject","inLanguage":"fr-FR","@id":"https:\/\/kayakclubmillau.com\/fr\/#primaryimage","url":"https:\/\/kayakclubmillau.com\/wp-content\/uploads\/2026\/03\/NG2025_Lucien_Schreiber-528-1024x683.jpg","contentUrl":"https:\/\/kayakclubmillau.com\/wp-content\/uploads\/2026\/03\/NG2025_Lucien_Schreiber-528-1024x683.jpg"},{"@type":"BreadcrumbList","@id":"https:\/\/kayakclubmillau.com\/fr\/#breadcrumb","itemListElement":[{"@type":"ListItem","position":1,"name":"Accueil","item":"https:\/\/kayakclubmillau.com\/fr\/"},{"@type":"ListItem","position":2,"name":"Accueil"}]},{"@type":"WebSite","@id":"https:\/\/kayakclubmillau.com\/fr\/#website","url":"https:\/\/kayakclubmillau.com\/fr\/","name":"Kayak Club Millau","description":"Host of the 2026 freestyle kayaking ICF World Cup #1","publisher":{"@id":"https:\/\/kayakclubmillau.com\/fr\/#organization"},"potentialAction":[{"@type":"SearchAction","target":{"@type":"EntryPoint","urlTemplate":"https:\/\/kayakclubmillau.com\/fr\/?s={search_term_string}"},"query-input":{"@type":"PropertyValueSpecification","valueRequired":true,"valueName":"search_term_string"}}],"inLanguage":"fr-FR"},{"@type":"Organization","@id":"https:\/\/kayakclubmillau.com\/fr\/#organization","name":"Kayak Club Millau","url":"https:\/\/kayakclubmillau.com\/fr\/","logo":{"@type":"ImageObject","inLanguage":"fr-FR","@id":"https:\/\/kayakclubmillau.com\/fr\/#\/schema\/logo\/image\/","url":"https:\/\/kayakclubmillau.com\/wp-content\/uploads\/2026\/04\/cropped-logo-ICF-CANOE-FREESTYLE-WORLD-CUP-Millau-2026.png","contentUrl":"https:\/\/kayakclubmillau.com\/wp-content\/uploads\/2026\/04\/cropped-logo-ICF-CANOE-FREESTYLE-WORLD-CUP-Millau-2026.png","width":512,"height":512,"caption":"Kayak Club Millau"},"image":{"@id":"https:\/\/kayakclubmillau.com\/fr\/#\/schema\/logo\/image\/"},"sameAs":["https:\/\/www.facebook.com\/kayakclubmillau","https:\/\/www.instagram.com\/kayak_club_millau\/","https:\/\/www.linkedin.com\/company\/kayak-club-millau\/about\/"]}]}},"_links":{"self":[{"href":"https:\/\/kayakclubmillau.com\/fr\/wp-json\/wp\/v2\/pages\/421","targetHints":{"allow":["GET"]}}],"collection":[{"href":"https:\/\/kayakclubmillau.com\/fr\/wp-json\/wp\/v2\/pages"}],"about":[{"href":"https:\/\/kayakclubmillau.com\/fr\/wp-json\/wp\/v2\/types\/page"}],"author":[{"embeddable":true,"href":"https:\/\/kayakclubmillau.com\/fr\/wp-json\/wp\/v2\/users\/1"}],"replies":[{"embeddable":true,"href":"https:\/\/kayakclubmillau.com\/fr\/wp-json\/wp\/v2\/comments?post=421"}],"version-history":[{"count":15,"href":"https:\/\/kayakclubmillau.com\/fr\/wp-json\/wp\/v2\/pages\/421\/revisions"}],"predecessor-version":[{"id":675,"href":"https:\/\/kayakclubmillau.com\/fr\/wp-json\/wp\/v2\/pages\/421\/revisions\/675"}],"wp:attachment":[{"href":"https:\/\/kayakclubmillau.com\/fr\/wp-json\/wp\/v2\/media?parent=421"}],"curies":[{"name":"wp","href":"https:\/\/api.w.org\/{rel}","templated":true}]}}