{"id":631,"date":"2026-03-02T16:30:21","date_gmt":"2026-03-02T15:30:21","guid":{"rendered":"https:\/\/kayakclubmillau.com\/venir-a-millau\/"},"modified":"2026-03-13T19:47:41","modified_gmt":"2026-03-13T18:47:41","slug":"venir-a-millau","status":"publish","type":"page","link":"https:\/\/kayakclubmillau.com\/fr\/venir-a-millau\/","title":{"rendered":"Venir \u00e0 Millau"},"content":{"rendered":"\n<div class=\"wp-block-cover alignfull is-light has-custom-content-position is-position-bottom-right\"><img loading=\"lazy\" decoding=\"async\" width=\"1024\" height=\"768\" class=\"wp-block-cover__image-background wp-image-373 size-large\" alt=\"\" src=\"https:\/\/kayakclubmillau.com\/wp-content\/uploads\/2026\/03\/641177273_1442310370804702_3096921769268142290_n-1024x768.jpg\" data-object-fit=\"cover\" srcset=\"https:\/\/kayakclubmillau.com\/wp-content\/uploads\/2026\/03\/641177273_1442310370804702_3096921769268142290_n-1024x768.jpg 1024w, https:\/\/kayakclubmillau.com\/wp-content\/uploads\/2026\/03\/641177273_1442310370804702_3096921769268142290_n-300x225.jpg 300w, https:\/\/kayakclubmillau.com\/wp-content\/uploads\/2026\/03\/641177273_1442310370804702_3096921769268142290_n-768x576.jpg 768w, https:\/\/kayakclubmillau.com\/wp-content\/uploads\/2026\/03\/641177273_1442310370804702_3096921769268142290_n-1536x1152.jpg 1536w, https:\/\/kayakclubmillau.com\/wp-content\/uploads\/2026\/03\/641177273_1442310370804702_3096921769268142290_n.jpg 2048w\" sizes=\"auto, (max-width: 1024px) 100vw, 1024px\" \/><span aria-hidden=\"true\" class=\"wp-block-cover__background has-accent-2-background-color has-background-dim-20 has-background-dim\"><\/span><div class=\"wp-block-cover__inner-container has-global-padding is-layout-constrained wp-block-cover-is-layout-constrained\">\n<p class=\"has-text-align-center has-base-color has-text-color has-link-color wp-elements-bfceecd937023c0518fb9f45103806b4\" style=\"font-size:clamp(2.629rem, 2.629rem + ((1vw - 0.2rem) * 3.719), 5rem);\"><strong>Venir \u00e0 Millau<\/strong><\/p>\n<\/div><\/div>\n\n<div class=\"wp-block-group alignfull is-style-section-1 has-global-padding is-layout-constrained wp-container-core-group-is-layout-cdf985e3 wp-block-group-is-layout-constrained is-style-section-1--1\" style=\"min-height:50vh;margin-top:0;margin-bottom:0;padding-top:var(--wp--preset--spacing--80);padding-right:var(--wp--preset--spacing--80);padding-bottom:var(--wp--preset--spacing--80);padding-left:var(--wp--preset--spacing--80)\">\n<div class=\"wp-block-columns alignwide are-vertically-aligned-center is-layout-flex wp-container-core-columns-is-layout-643ced6b wp-block-columns-is-layout-flex\">\n<div class=\"wp-block-column is-vertically-aligned-center is-layout-flow wp-block-column-is-layout-flow\">\n<figure class=\"wp-block-image aligncenter size-full has-custom-border\"><img loading=\"lazy\" decoding=\"async\" width=\"1909\" height=\"1179\" src=\"https:\/\/kayakclubmillau.com\/wp-content\/uploads\/2026\/03\/Transport-parapente.png\" alt=\"\" class=\"wp-image-187\" style=\"border-top-left-radius:5px;border-top-right-radius:5px;border-bottom-left-radius:5px;border-bottom-right-radius:5px;object-fit:cover\" srcset=\"https:\/\/kayakclubmillau.com\/wp-content\/uploads\/2026\/03\/Transport-parapente.png 1909w, https:\/\/kayakclubmillau.com\/wp-content\/uploads\/2026\/03\/Transport-parapente-300x185.png 300w, https:\/\/kayakclubmillau.com\/wp-content\/uploads\/2026\/03\/Transport-parapente-1024x632.png 1024w, https:\/\/kayakclubmillau.com\/wp-content\/uploads\/2026\/03\/Transport-parapente-768x474.png 768w, https:\/\/kayakclubmillau.com\/wp-content\/uploads\/2026\/03\/Transport-parapente-1536x949.png 1536w\" sizes=\"auto, (max-width: 1909px) 100vw, 1909px\" \/><\/figure>\n<\/div>\n\n\n\n<div class=\"wp-block-column is-vertically-aligned-center is-layout-flow wp-block-column-is-layout-flow\">\n<div class=\"wp-block-group is-vertical is-content-justification-stretch is-layout-flex wp-container-core-group-is-layout-353c4f5a wp-block-group-is-layout-flex\">\n<h2 class=\"wp-block-heading has-text-align-left\">En avion<\/h2>\n\n\n\n<p class=\"has-beiruti-font-family has-large-font-size\">Millau est accessible en quelques heures depuis plusieurs a\u00e9roports. Rodez (RDZ), Montpellier (MPL) et B\u00e9ziers (BZR) sont les plus proches, bien que leurs liaisons internationales soient relativement limit\u00e9es. Toulouse (TLS), Marseille (MRS) et Barcelone (BCN), plus \u00e9loign\u00e9s, offrent un plus large choix de vols vers les principales capitales europ\u00e9ennes et destinations internationales.  <\/p>\n<\/div>\n<\/div>\n<\/div>\n<\/div>\n\n<div class=\"wp-block-group alignfull is-style-section-5 has-global-padding is-layout-constrained wp-container-core-group-is-layout-cdf985e3 wp-block-group-is-layout-constrained is-style-section-5--2\" style=\"min-height:50vh;margin-top:0;margin-bottom:0;padding-top:var(--wp--preset--spacing--80);padding-right:var(--wp--preset--spacing--80);padding-bottom:var(--wp--preset--spacing--80);padding-left:var(--wp--preset--spacing--80)\">\n<div class=\"wp-block-columns alignwide are-vertically-aligned-center is-style-default is-layout-flex wp-container-core-columns-is-layout-643ced6b wp-block-columns-is-layout-flex\">\n<div class=\"wp-block-column is-vertically-aligned-center is-layout-flow wp-block-column-is-layout-flow\">\n<figure class=\"wp-block-image aligncenter size-full has-custom-border\"><img loading=\"lazy\" decoding=\"async\" width=\"1500\" height=\"844\" src=\"https:\/\/kayakclubmillau.com\/wp-content\/uploads\/2026\/03\/NATURAL-GAMES-2017.jpg\" alt=\"\" class=\"wp-image-21\" style=\"border-top-left-radius:5px;border-top-right-radius:5px;border-bottom-left-radius:5px;border-bottom-right-radius:5px;object-fit:cover\" srcset=\"https:\/\/kayakclubmillau.com\/wp-content\/uploads\/2026\/03\/NATURAL-GAMES-2017.jpg 1500w, https:\/\/kayakclubmillau.com\/wp-content\/uploads\/2026\/03\/NATURAL-GAMES-2017-300x169.jpg 300w, https:\/\/kayakclubmillau.com\/wp-content\/uploads\/2026\/03\/NATURAL-GAMES-2017-1024x576.jpg 1024w, https:\/\/kayakclubmillau.com\/wp-content\/uploads\/2026\/03\/NATURAL-GAMES-2017-768x432.jpg 768w\" sizes=\"auto, (max-width: 1500px) 100vw, 1500px\" \/><\/figure>\n<\/div>\n\n\n\n<div class=\"wp-block-column is-vertically-aligned-center is-layout-flow wp-block-column-is-layout-flow\">\n<div class=\"wp-block-group is-vertical is-content-justification-stretch is-layout-flex wp-container-core-group-is-layout-353c4f5a wp-block-group-is-layout-flex\">\n<h2 class=\"wp-block-heading has-text-align-left\">En train<\/h2>\n\n\n\n<p class=\"has-beiruti-font-family has-large-font-size\">Millau poss\u00e8de une gare en centre-ville, \u00e0 seulement 15 minutes \u00e0 pied du stade d&#8217;eau vive. Les horaires des trains pour Millau sont disponibles sur le <a href=\"http:\/\/www.sncf-connect.com\/\">site internet de la SNCF<\/a>. <\/p>\n<\/div>\n<\/div>\n<\/div>\n<\/div>\n\n<div class=\"wp-block-group alignfull is-style-section-1 has-global-padding is-layout-constrained wp-container-core-group-is-layout-cdf985e3 wp-block-group-is-layout-constrained is-style-section-1--3\" style=\"min-height:50vh;margin-top:0;margin-bottom:0;padding-top:var(--wp--preset--spacing--80);padding-right:var(--wp--preset--spacing--80);padding-bottom:var(--wp--preset--spacing--80);padding-left:var(--wp--preset--spacing--80)\">\n<div class=\"wp-block-columns alignwide are-vertically-aligned-center is-layout-flex wp-container-core-columns-is-layout-9503679e wp-block-columns-is-layout-flex\">\n<div class=\"wp-block-column is-vertically-aligned-center is-layout-flow wp-block-column-is-layout-flow\">\n<div class=\"wp-block-group is-style-default is-vertical is-content-justification-stretch is-layout-flex wp-container-core-group-is-layout-353c4f5a wp-block-group-is-layout-flex\">\n<h2 class=\"wp-block-heading has-text-align-left\">En bus<\/h2>\n\n\n\n<p class=\"has-beiruti-font-family has-large-font-size\">Millau est desservie par plusieurs lignes de bus la reliant directement aux a\u00e9roports les plus proches : Rodez (RDZ), Montpellier (MPL) et B\u00e9ziers (BZR). Pour rejoindre les autres a\u00e9roports, il faut effectuer au moins deux correspondances, en combinant train et\/ou bus. Les horaires de bus sont consultables sur <a href=\"https:\/\/www.lio-occitanie.fr\/\">le site web de Lio<\/a>. Pour les trajets plus longs, Blablacar et FlixBus sont deux options pratiques. De mani\u00e8re g\u00e9n\u00e9rale, voyager en bus pour se rendre \u00e0 Millau est l&#8217;une des solutions les plus \u00e9conomiques. Les transports en commun \u00e0 Millau sont gratuits et les horaires sont consultables sur le site <a href=\"https:\/\/www.reseau-mio.fr\/\">R\u00e9seau Mio<\/a>.    <br\/><\/p>\n<\/div>\n<\/div>\n\n\n\n<div class=\"wp-block-column is-vertically-aligned-center is-layout-flow wp-block-column-is-layout-flow\">\n<figure class=\"wp-block-image aligncenter size-full has-custom-border\" style=\"margin-top:var(--wp--preset--spacing--50);margin-bottom:var(--wp--preset--spacing--50)\"><img loading=\"lazy\" decoding=\"async\" width=\"2560\" height=\"1707\" src=\"https:\/\/kayakclubmillau.com\/wp-content\/uploads\/2026\/03\/019A3731-scaled.jpg\" alt=\"\" class=\"wp-image-16\" style=\"border-top-left-radius:5px;border-top-right-radius:5px;border-bottom-left-radius:5px;border-bottom-right-radius:5px\" srcset=\"https:\/\/kayakclubmillau.com\/wp-content\/uploads\/2026\/03\/019A3731-scaled.jpg 2560w, https:\/\/kayakclubmillau.com\/wp-content\/uploads\/2026\/03\/019A3731-300x200.jpg 300w, https:\/\/kayakclubmillau.com\/wp-content\/uploads\/2026\/03\/019A3731-1024x683.jpg 1024w, https:\/\/kayakclubmillau.com\/wp-content\/uploads\/2026\/03\/019A3731-768x512.jpg 768w, https:\/\/kayakclubmillau.com\/wp-content\/uploads\/2026\/03\/019A3731-1536x1024.jpg 1536w, https:\/\/kayakclubmillau.com\/wp-content\/uploads\/2026\/03\/019A3731-2048x1365.jpg 2048w\" sizes=\"auto, (max-width: 2560px) 100vw, 2560px\" \/><\/figure>\n<\/div>\n<\/div>\n<\/div>\n\n<div class=\"wp-block-group alignfull is-style-section-5 has-global-padding is-layout-constrained wp-container-core-group-is-layout-cdf985e3 wp-block-group-is-layout-constrained is-style-section-5--4\" style=\"min-height:50vh;margin-top:0;margin-bottom:0;padding-top:var(--wp--preset--spacing--80);padding-right:var(--wp--preset--spacing--80);padding-bottom:var(--wp--preset--spacing--80);padding-left:var(--wp--preset--spacing--80)\">\n<div class=\"wp-block-columns alignwide are-vertically-aligned-center is-style-default is-layout-flex wp-container-core-columns-is-layout-643ced6b wp-block-columns-is-layout-flex\">\n<div class=\"wp-block-column is-vertically-aligned-center is-layout-flow wp-block-column-is-layout-flow\">\n<figure class=\"wp-block-image aligncenter size-full has-custom-border\"><img decoding=\"async\" src=\"https:\/\/kayakclubmillau.com\/wp-content\/uploads\/2026\/03\/NG2018&#xA9;LAURENT_MERLE-3691-scaled.jpg\" alt=\"\" class=\"wp-image-27\" style=\"border-top-left-radius:5px;border-top-right-radius:5px;border-bottom-left-radius:5px;border-bottom-right-radius:5px;object-fit:cover\"\/><\/figure>\n<\/div>\n\n\n\n<div class=\"wp-block-column is-vertically-aligned-center is-layout-flow wp-block-column-is-layout-flow\">\n<div class=\"wp-block-group is-vertical is-content-justification-stretch is-layout-flex wp-container-core-group-is-layout-353c4f5a wp-block-group-is-layout-flex\">\n<h2 class=\"wp-block-heading has-text-align-left\">En voiture<\/h2>\n\n\n\n<p class=\"has-beiruti-font-family has-large-font-size\">Millau est facilement accessible par l&#8217;autoroute A75. Si vous venez du nord en direction de Montpellier ou de B\u00e9ziers, prenez la sortie 45. Si vous venez du sud en direction de Clermont-Ferrand, prenez la sortie 47. Vous pouvez \u00e9galement emprunter le viaduc de Millau, l&#8217;un des plus hauts du monde avec ses 342 m\u00e8tres de hauteur et ses 2 460 m\u00e8tres de longueur. Bien que la travers\u00e9e du viaduc soit payante, elle offre une vue spectaculaire sur Millau avant de redescendre vers la ville.    <\/p>\n<\/div>\n<\/div>\n<\/div>\n<\/div>\n\n<div class=\"wp-block-group alignfull is-layout-flow wp-container-core-group-is-layout-f9cb6abc wp-block-group-is-layout-flow\" style=\"margin-top:0;margin-bottom:0\">\n<div class=\"wp-block-group is-vertical is-content-justification-stretch is-layout-flex wp-container-core-group-is-layout-afa7f3a4 wp-block-group-is-layout-flex\" style=\"min-height:33vh;margin-top:0;margin-bottom:0;padding-top:var(--wp--preset--spacing--50);padding-right:var(--wp--preset--spacing--50);padding-bottom:var(--wp--preset--spacing--50);padding-left:var(--wp--preset--spacing--50)\">\n<h2 class=\"wp-block-heading is-style-text-annotation has-large-font-size is-style-text-annotation--5\">Parking<\/h2>\n\n\n\n<div style=\"height:0px\" aria-hidden=\"true\" class=\"wp-block-spacer wp-container-content-16d1eb73\"><\/div>\n\n\n\n<p class=\"has-beiruti-font-family has-large-font-size\">Millau est une ville de taille moyenne, et le site est tr\u00e8s facilement accessible \u00e0 pied ou en bus. Quatre parkings gratuits ouverts 24 h\/24 se trouvent \u00e0 proximit\u00e9 (La Maladrerie, La Grave, Victor Hugo, Raux), et une passerelle permet de traverser directement le Tarn depuis le centre-ville. <\/p>\n<\/div>\n<\/div>\n\n<div class=\"wp-block-cover alignfull is-light wp-duotone-unset-6\" style=\"margin-top:0;margin-bottom:0;padding-top:0;padding-right:0;padding-bottom:0;padding-left:0;min-height:1236px;aspect-ratio:unset;\"><img loading=\"lazy\" decoding=\"async\" width=\"1309\" height=\"832\" class=\"wp-block-cover__image-background wp-image-461 size-full\" alt=\"\" src=\"https:\/\/kayakclubmillau.com\/wp-content\/uploads\/2026\/03\/carte_de_millau_zoom-1.png\" data-object-fit=\"cover\" srcset=\"https:\/\/kayakclubmillau.com\/wp-content\/uploads\/2026\/03\/carte_de_millau_zoom-1.png 1309w, https:\/\/kayakclubmillau.com\/wp-content\/uploads\/2026\/03\/carte_de_millau_zoom-1-300x191.png 300w, https:\/\/kayakclubmillau.com\/wp-content\/uploads\/2026\/03\/carte_de_millau_zoom-1-1024x651.png 1024w, https:\/\/kayakclubmillau.com\/wp-content\/uploads\/2026\/03\/carte_de_millau_zoom-1-768x488.png 768w\" sizes=\"auto, (max-width: 1309px) 100vw, 1309px\" \/><span aria-hidden=\"true\" class=\"wp-block-cover__background has-background-dim-0 has-background-dim\" style=\"background-color:#e6e7e7\"><\/span><div class=\"wp-block-cover__inner-container is-layout-flow wp-container-core-cover-is-layout-2c80a324 wp-block-cover-is-layout-flow\">\n<p class=\"has-text-align-center has-large-font-size\"><\/p>\n<\/div><\/div>\n","protected":false},"excerpt":{"rendered":"<p>En avion Millau est accessible en quelques heures depuis plusieurs a\u00e9roports. Rodez (RDZ), Montpellier (MPL) et B\u00e9ziers (BZR) sont les plus proches, bien que leurs liaisons internationales soient relativement limit\u00e9es. Toulouse (TLS), Marseille (MRS) et Barcelone (BCN), plus \u00e9loign\u00e9s, offrent un plus large choix de vols vers les principales capitales europ\u00e9ennes et destinations internationales. En [&hellip;]<\/p>\n","protected":false},"author":1,"featured_media":0,"parent":0,"menu_order":0,"comment_status":"closed","ping_status":"closed","template":"page-no-title","meta":{"footnotes":""},"class_list":["post-631","page","type-page","status-publish","hentry"],"yoast_head":"<!-- This site is optimized with the Yoast SEO plugin v27.3 - https:\/\/yoast.com\/product\/yoast-seo-wordpress\/ -->\n<title>Venir \u00e0 Millau - Kayak Club Millau<\/title>\n<meta name=\"description\" content=\"Host of the 2026 freestyle kayaking ICF World Cup #1\" \/>\n<meta name=\"robots\" content=\"index, follow, max-snippet:-1, max-image-preview:large, max-video-preview:-1\" \/>\n<link rel=\"canonical\" href=\"https:\/\/kayakclubmillau.com\/fr\/venir-a-millau\/\" \/>\n<meta property=\"og:locale\" content=\"fr_FR\" \/>\n<meta property=\"og:type\" content=\"article\" \/>\n<meta property=\"og:title\" content=\"Venir \u00e0 Millau - Kayak Club Millau\" \/>\n<meta property=\"og:description\" content=\"Host of the 2026 freestyle kayaking ICF World Cup #1\" \/>\n<meta property=\"og:url\" content=\"https:\/\/kayakclubmillau.com\/fr\/venir-a-millau\/\" \/>\n<meta property=\"og:site_name\" content=\"Kayak Club Millau\" \/>\n<meta property=\"article:publisher\" content=\"https:\/\/www.facebook.com\/kayakclubmillau\" \/>\n<meta property=\"article:modified_time\" content=\"2026-03-13T18:47:41+00:00\" \/>\n<meta property=\"og:image\" content=\"https:\/\/kayakclubmillau.com\/wp-content\/uploads\/2026\/03\/641177273_1442310370804702_3096921769268142290_n.jpg\" \/>\n\t<meta property=\"og:image:width\" content=\"2048\" \/>\n\t<meta property=\"og:image:height\" content=\"1536\" \/>\n\t<meta property=\"og:image:type\" content=\"image\/jpeg\" \/>\n<meta name=\"twitter:card\" content=\"summary_large_image\" \/>\n<meta name=\"twitter:label1\" content=\"Dur\u00e9e de lecture estim\u00e9e\" \/>\n\t<meta name=\"twitter:data1\" content=\"2 minutes\" \/>\n<script type=\"application\/ld+json\" class=\"yoast-schema-graph\">{\"@context\":\"https:\\\/\\\/schema.org\",\"@graph\":[{\"@type\":\"WebPage\",\"@id\":\"https:\\\/\\\/kayakclubmillau.com\\\/fr\\\/venir-a-millau\\\/\",\"url\":\"https:\\\/\\\/kayakclubmillau.com\\\/fr\\\/venir-a-millau\\\/\",\"name\":\"Venir \u00e0 Millau - Kayak Club Millau\",\"isPartOf\":{\"@id\":\"https:\\\/\\\/kayakclubmillau.com\\\/fr\\\/#website\"},\"primaryImageOfPage\":{\"@id\":\"https:\\\/\\\/kayakclubmillau.com\\\/fr\\\/venir-a-millau\\\/#primaryimage\"},\"image\":{\"@id\":\"https:\\\/\\\/kayakclubmillau.com\\\/fr\\\/venir-a-millau\\\/#primaryimage\"},\"thumbnailUrl\":\"https:\\\/\\\/kayakclubmillau.com\\\/wp-content\\\/uploads\\\/2026\\\/03\\\/641177273_1442310370804702_3096921769268142290_n-1024x768.jpg\",\"datePublished\":\"2026-03-02T15:30:21+00:00\",\"dateModified\":\"2026-03-13T18:47:41+00:00\",\"description\":\"Host of the 2026 freestyle kayaking ICF World Cup #1\",\"breadcrumb\":{\"@id\":\"https:\\\/\\\/kayakclubmillau.com\\\/fr\\\/venir-a-millau\\\/#breadcrumb\"},\"inLanguage\":\"fr-FR\",\"potentialAction\":[{\"@type\":\"ReadAction\",\"target\":[\"https:\\\/\\\/kayakclubmillau.com\\\/fr\\\/venir-a-millau\\\/\"]}]},{\"@type\":\"ImageObject\",\"inLanguage\":\"fr-FR\",\"@id\":\"https:\\\/\\\/kayakclubmillau.com\\\/fr\\\/venir-a-millau\\\/#primaryimage\",\"url\":\"https:\\\/\\\/kayakclubmillau.com\\\/wp-content\\\/uploads\\\/2026\\\/03\\\/641177273_1442310370804702_3096921769268142290_n-1024x768.jpg\",\"contentUrl\":\"https:\\\/\\\/kayakclubmillau.com\\\/wp-content\\\/uploads\\\/2026\\\/03\\\/641177273_1442310370804702_3096921769268142290_n-1024x768.jpg\"},{\"@type\":\"BreadcrumbList\",\"@id\":\"https:\\\/\\\/kayakclubmillau.com\\\/fr\\\/venir-a-millau\\\/#breadcrumb\",\"itemListElement\":[{\"@type\":\"ListItem\",\"position\":1,\"name\":\"Accueil\",\"item\":\"https:\\\/\\\/kayakclubmillau.com\\\/fr\\\/\"},{\"@type\":\"ListItem\",\"position\":2,\"name\":\"Venir \u00e0 Millau\"}]},{\"@type\":\"WebSite\",\"@id\":\"https:\\\/\\\/kayakclubmillau.com\\\/fr\\\/#website\",\"url\":\"https:\\\/\\\/kayakclubmillau.com\\\/fr\\\/\",\"name\":\"Kayak Club Millau\",\"description\":\"Host of the 2026 freestyle kayaking ICF World Cup #1\",\"publisher\":{\"@id\":\"https:\\\/\\\/kayakclubmillau.com\\\/fr\\\/#organization\"},\"potentialAction\":[{\"@type\":\"SearchAction\",\"target\":{\"@type\":\"EntryPoint\",\"urlTemplate\":\"https:\\\/\\\/kayakclubmillau.com\\\/fr\\\/?s={search_term_string}\"},\"query-input\":{\"@type\":\"PropertyValueSpecification\",\"valueRequired\":true,\"valueName\":\"search_term_string\"}}],\"inLanguage\":\"fr-FR\"},{\"@type\":\"Organization\",\"@id\":\"https:\\\/\\\/kayakclubmillau.com\\\/fr\\\/#organization\",\"name\":\"Kayak Club Millau\",\"url\":\"https:\\\/\\\/kayakclubmillau.com\\\/fr\\\/\",\"logo\":{\"@type\":\"ImageObject\",\"inLanguage\":\"fr-FR\",\"@id\":\"https:\\\/\\\/kayakclubmillau.com\\\/fr\\\/#\\\/schema\\\/logo\\\/image\\\/\",\"url\":\"https:\\\/\\\/kayakclubmillau.com\\\/wp-content\\\/uploads\\\/2026\\\/04\\\/cropped-logo-ICF-CANOE-FREESTYLE-WORLD-CUP-Millau-2026.png\",\"contentUrl\":\"https:\\\/\\\/kayakclubmillau.com\\\/wp-content\\\/uploads\\\/2026\\\/04\\\/cropped-logo-ICF-CANOE-FREESTYLE-WORLD-CUP-Millau-2026.png\",\"width\":512,\"height\":512,\"caption\":\"Kayak Club Millau\"},\"image\":{\"@id\":\"https:\\\/\\\/kayakclubmillau.com\\\/fr\\\/#\\\/schema\\\/logo\\\/image\\\/\"},\"sameAs\":[\"https:\\\/\\\/www.facebook.com\\\/kayakclubmillau\",\"https:\\\/\\\/www.instagram.com\\\/kayak_club_millau\\\/\",\"https:\\\/\\\/www.linkedin.com\\\/company\\\/kayak-club-millau\\\/about\\\/\"]}]}<\/script>\n<!-- \/ Yoast SEO plugin. -->","yoast_head_json":{"title":"Venir \u00e0 Millau - Kayak Club Millau","description":"Host of the 2026 freestyle kayaking ICF World Cup #1","robots":{"index":"index","follow":"follow","max-snippet":"max-snippet:-1","max-image-preview":"max-image-preview:large","max-video-preview":"max-video-preview:-1"},"canonical":"https:\/\/kayakclubmillau.com\/fr\/venir-a-millau\/","og_locale":"fr_FR","og_type":"article","og_title":"Venir \u00e0 Millau - Kayak Club Millau","og_description":"Host of the 2026 freestyle kayaking ICF World Cup #1","og_url":"https:\/\/kayakclubmillau.com\/fr\/venir-a-millau\/","og_site_name":"Kayak Club Millau","article_publisher":"https:\/\/www.facebook.com\/kayakclubmillau","article_modified_time":"2026-03-13T18:47:41+00:00","og_image":[{"width":2048,"height":1536,"url":"https:\/\/kayakclubmillau.com\/wp-content\/uploads\/2026\/03\/641177273_1442310370804702_3096921769268142290_n.jpg","type":"image\/jpeg"}],"twitter_card":"summary_large_image","twitter_misc":{"Dur\u00e9e de lecture estim\u00e9e":"2 minutes"},"schema":{"@context":"https:\/\/schema.org","@graph":[{"@type":"WebPage","@id":"https:\/\/kayakclubmillau.com\/fr\/venir-a-millau\/","url":"https:\/\/kayakclubmillau.com\/fr\/venir-a-millau\/","name":"Venir \u00e0 Millau - Kayak Club Millau","isPartOf":{"@id":"https:\/\/kayakclubmillau.com\/fr\/#website"},"primaryImageOfPage":{"@id":"https:\/\/kayakclubmillau.com\/fr\/venir-a-millau\/#primaryimage"},"image":{"@id":"https:\/\/kayakclubmillau.com\/fr\/venir-a-millau\/#primaryimage"},"thumbnailUrl":"https:\/\/kayakclubmillau.com\/wp-content\/uploads\/2026\/03\/641177273_1442310370804702_3096921769268142290_n-1024x768.jpg","datePublished":"2026-03-02T15:30:21+00:00","dateModified":"2026-03-13T18:47:41+00:00","description":"Host of the 2026 freestyle kayaking ICF World Cup #1","breadcrumb":{"@id":"https:\/\/kayakclubmillau.com\/fr\/venir-a-millau\/#breadcrumb"},"inLanguage":"fr-FR","potentialAction":[{"@type":"ReadAction","target":["https:\/\/kayakclubmillau.com\/fr\/venir-a-millau\/"]}]},{"@type":"ImageObject","inLanguage":"fr-FR","@id":"https:\/\/kayakclubmillau.com\/fr\/venir-a-millau\/#primaryimage","url":"https:\/\/kayakclubmillau.com\/wp-content\/uploads\/2026\/03\/641177273_1442310370804702_3096921769268142290_n-1024x768.jpg","contentUrl":"https:\/\/kayakclubmillau.com\/wp-content\/uploads\/2026\/03\/641177273_1442310370804702_3096921769268142290_n-1024x768.jpg"},{"@type":"BreadcrumbList","@id":"https:\/\/kayakclubmillau.com\/fr\/venir-a-millau\/#breadcrumb","itemListElement":[{"@type":"ListItem","position":1,"name":"Accueil","item":"https:\/\/kayakclubmillau.com\/fr\/"},{"@type":"ListItem","position":2,"name":"Venir \u00e0 Millau"}]},{"@type":"WebSite","@id":"https:\/\/kayakclubmillau.com\/fr\/#website","url":"https:\/\/kayakclubmillau.com\/fr\/","name":"Kayak Club Millau","description":"Host of the 2026 freestyle kayaking ICF World Cup #1","publisher":{"@id":"https:\/\/kayakclubmillau.com\/fr\/#organization"},"potentialAction":[{"@type":"SearchAction","target":{"@type":"EntryPoint","urlTemplate":"https:\/\/kayakclubmillau.com\/fr\/?s={search_term_string}"},"query-input":{"@type":"PropertyValueSpecification","valueRequired":true,"valueName":"search_term_string"}}],"inLanguage":"fr-FR"},{"@type":"Organization","@id":"https:\/\/kayakclubmillau.com\/fr\/#organization","name":"Kayak Club Millau","url":"https:\/\/kayakclubmillau.com\/fr\/","logo":{"@type":"ImageObject","inLanguage":"fr-FR","@id":"https:\/\/kayakclubmillau.com\/fr\/#\/schema\/logo\/image\/","url":"https:\/\/kayakclubmillau.com\/wp-content\/uploads\/2026\/04\/cropped-logo-ICF-CANOE-FREESTYLE-WORLD-CUP-Millau-2026.png","contentUrl":"https:\/\/kayakclubmillau.com\/wp-content\/uploads\/2026\/04\/cropped-logo-ICF-CANOE-FREESTYLE-WORLD-CUP-Millau-2026.png","width":512,"height":512,"caption":"Kayak Club Millau"},"image":{"@id":"https:\/\/kayakclubmillau.com\/fr\/#\/schema\/logo\/image\/"},"sameAs":["https:\/\/www.facebook.com\/kayakclubmillau","https:\/\/www.instagram.com\/kayak_club_millau\/","https:\/\/www.linkedin.com\/company\/kayak-club-millau\/about\/"]}]}},"_links":{"self":[{"href":"https:\/\/kayakclubmillau.com\/fr\/wp-json\/wp\/v2\/pages\/631","targetHints":{"allow":["GET"]}}],"collection":[{"href":"https:\/\/kayakclubmillau.com\/fr\/wp-json\/wp\/v2\/pages"}],"about":[{"href":"https:\/\/kayakclubmillau.com\/fr\/wp-json\/wp\/v2\/types\/page"}],"author":[{"embeddable":true,"href":"https:\/\/kayakclubmillau.com\/fr\/wp-json\/wp\/v2\/users\/1"}],"replies":[{"embeddable":true,"href":"https:\/\/kayakclubmillau.com\/fr\/wp-json\/wp\/v2\/comments?post=631"}],"version-history":[{"count":3,"href":"https:\/\/kayakclubmillau.com\/fr\/wp-json\/wp\/v2\/pages\/631\/revisions"}],"predecessor-version":[{"id":745,"href":"https:\/\/kayakclubmillau.com\/fr\/wp-json\/wp\/v2\/pages\/631\/revisions\/745"}],"wp:attachment":[{"href":"https:\/\/kayakclubmillau.com\/fr\/wp-json\/wp\/v2\/media?parent=631"}],"curies":[{"name":"wp","href":"https:\/\/api.w.org\/{rel}","templated":true}]}}