{"id":640,"date":"2026-03-02T16:32:21","date_gmt":"2026-03-02T15:32:21","guid":{"rendered":"https:\/\/kayakclubmillau.com\/le-spot\/"},"modified":"2026-03-12T19:20:46","modified_gmt":"2026-03-12T18:20:46","slug":"le-spot","status":"publish","type":"page","link":"https:\/\/kayakclubmillau.com\/fr\/le-spot\/","title":{"rendered":"Le Spot"},"content":{"rendered":"\n<div class=\"wp-block-group alignfull is-style-section-1 has-global-padding is-layout-constrained wp-container-core-group-is-layout-19c400f2 wp-block-group-is-layout-constrained is-style-section-1--1\" style=\"margin-top:0;margin-bottom:0\">\n<div class=\"wp-block-columns alignfull is-style-section-1 is-layout-flex wp-container-core-columns-is-layout-d9884270 wp-block-columns-is-layout-flex is-style-section-1--2\" style=\"padding-top:0;padding-bottom:0\">\n<div class=\"wp-block-column is-layout-flow wp-block-column-is-layout-flow\" style=\"flex-basis:50%\">\n<div class=\"wp-block-group is-vertical is-content-justification-stretch is-layout-flex wp-container-core-group-is-layout-d46c03e7 wp-block-group-is-layout-flex\" style=\"min-height:33vh;margin-top:var(--wp--preset--spacing--30);margin-bottom:var(--wp--preset--spacing--30);padding-top:var(--wp--preset--spacing--50);padding-right:var(--wp--preset--spacing--50);padding-bottom:var(--wp--preset--spacing--50);padding-left:var(--wp--preset--spacing--50)\">\n<h2 class=\"wp-block-heading is-style-text-annotation has-beiruti-font-family has-large-font-size is-style-text-annotation--3\">Notre spot<\/h2>\n\n\n\n<div style=\"height:52px\" aria-hidden=\"true\" class=\"wp-block-spacer wp-container-content-16d1eb73\"><\/div>\n\n\n\n<p class=\"has-beiruti-font-family has-large-font-size\">Le <a href=\"https:\/\/parc-aquavagues-millau.fr\/fr\">Parc Aquavagues<\/a><a href=\"https:\/\/parc-aquavagues-millau.fr\/fr\"><\/a> \u00e0 Millau est situ\u00e9 \u00e0 la p\u00e9riph\u00e9rie de la ville et constitue depuis des ann\u00e9es un point central de la sc\u00e8ne freestyle fran\u00e7aise et internationale. <\/p>\n\n\n\n<p class=\"has-beiruti-font-family has-large-font-size\">Cr\u00e9\u00e9 au d\u00e9but des ann\u00e9es 2000, ce parcours offre un terrain de jeu polyvalent aux kayakistes de tous niveaux sur le site de Maladrerie. <\/p>\n\n\n\n<p class=\"has-beiruti-font-family has-large-font-size\">Le d\u00e9bit est ajustable (entre 5 et 10 m\u00b3\/s, selon la saison). Le rouleau offre une bonne profondeur et une excellente r\u00e9tention, id\u00e9ale pour de longs combos ou des figures a\u00e9riennes et explosives. <\/p>\n\n\n\n<p><\/p>\n<\/div>\n<\/div>\n\n\n\n<div class=\"wp-block-column is-vertically-aligned-center has-global-padding is-layout-constrained wp-block-column-is-layout-constrained\" style=\"flex-basis:50%\">\n<div class=\"wp-block-cover alignfull is-light\" style=\"min-height:730px;aspect-ratio:unset;\"><img loading=\"lazy\" decoding=\"async\" width=\"1024\" height=\"632\" class=\"wp-block-cover__image-background wp-image-186 size-large\" alt=\"\" src=\"https:\/\/kayakclubmillau.com\/wp-content\/uploads\/2026\/03\/freestyle_kayak-1024x632.png\" data-object-fit=\"cover\" srcset=\"https:\/\/kayakclubmillau.com\/wp-content\/uploads\/2026\/03\/freestyle_kayak-1024x632.png 1024w, https:\/\/kayakclubmillau.com\/wp-content\/uploads\/2026\/03\/freestyle_kayak-300x185.png 300w, https:\/\/kayakclubmillau.com\/wp-content\/uploads\/2026\/03\/freestyle_kayak-768x474.png 768w, https:\/\/kayakclubmillau.com\/wp-content\/uploads\/2026\/03\/freestyle_kayak-1536x948.png 1536w, https:\/\/kayakclubmillau.com\/wp-content\/uploads\/2026\/03\/freestyle_kayak.png 1912w\" sizes=\"auto, (max-width: 1024px) 100vw, 1024px\" \/><span aria-hidden=\"true\" class=\"wp-block-cover__background has-background-dim-0 has-background-dim\" style=\"background-color:#909088\"><\/span><div class=\"wp-block-cover__inner-container is-layout-flow wp-block-cover-is-layout-flow\">\n<div style=\"height:var(--wp--preset--spacing--20)\" aria-hidden=\"true\" class=\"wp-block-spacer\"><\/div>\n<\/div><\/div>\n<\/div>\n<\/div>\n<\/div>\n\n<div class=\"wp-block-group alignfull is-style-section-4 is-layout-flow wp-container-core-group-is-layout-f9cb6abc wp-block-group-is-layout-flow is-style-section-4--4\" style=\"margin-top:0;margin-bottom:0\">\n<div class=\"wp-block-columns alignfull is-style-section-4 is-layout-flex wp-container-core-columns-is-layout-d9884270 wp-block-columns-is-layout-flex is-style-section-4--5\" style=\"padding-top:0;padding-bottom:0\">\n<div class=\"wp-block-column is-layout-flow wp-block-column-is-layout-flow\">\n<figure class=\"wp-block-embed is-type-video is-provider-youtube wp-block-embed-youtube wp-embed-aspect-16-9 wp-has-aspect-ratio\"><div class=\"wp-block-embed__wrapper\">\n<iframe loading=\"lazy\" title=\"Natural Games : La d\u00e9mo de Joakim, le niveau mondial\" width=\"500\" height=\"281\" src=\"https:\/\/www.youtube.com\/embed\/1HlydBRH-98?start=4&#038;feature=oembed\" frameborder=\"0\" allow=\"accelerometer; autoplay; clipboard-write; encrypted-media; gyroscope; picture-in-picture; web-share\" referrerpolicy=\"strict-origin-when-cross-origin\" allowfullscreen><\/iframe>\n<\/div><\/figure>\n<\/div>\n<\/div>\n<\/div>\n","protected":false},"excerpt":{"rendered":"<p>Notre spot Le Parc Aquavagues \u00e0 Millau est situ\u00e9 \u00e0 la p\u00e9riph\u00e9rie de la ville et constitue depuis des ann\u00e9es un point central de la sc\u00e8ne freestyle fran\u00e7aise et internationale. Cr\u00e9\u00e9 au d\u00e9but des ann\u00e9es 2000, ce parcours offre un terrain de jeu polyvalent aux kayakistes de tous niveaux sur le site de Maladrerie. Le [&hellip;]<\/p>\n","protected":false},"author":1,"featured_media":0,"parent":0,"menu_order":0,"comment_status":"closed","ping_status":"closed","template":"page-no-title","meta":{"footnotes":""},"class_list":["post-640","page","type-page","status-publish","hentry"],"yoast_head":"<!-- This site is optimized with the Yoast SEO plugin v27.3 - https:\/\/yoast.com\/product\/yoast-seo-wordpress\/ -->\n<title>Le Spot - Kayak Club Millau<\/title>\n<meta name=\"description\" content=\"Host of the 2026 freestyle kayaking ICF World Cup #1\" \/>\n<meta name=\"robots\" content=\"index, follow, max-snippet:-1, max-image-preview:large, max-video-preview:-1\" \/>\n<link rel=\"canonical\" href=\"https:\/\/kayakclubmillau.com\/fr\/le-spot\/\" \/>\n<meta property=\"og:locale\" content=\"fr_FR\" \/>\n<meta property=\"og:type\" content=\"article\" \/>\n<meta property=\"og:title\" content=\"Le Spot - Kayak Club Millau\" \/>\n<meta property=\"og:description\" content=\"Host of the 2026 freestyle kayaking ICF World Cup #1\" \/>\n<meta property=\"og:url\" content=\"https:\/\/kayakclubmillau.com\/fr\/le-spot\/\" \/>\n<meta property=\"og:site_name\" content=\"Kayak Club Millau\" \/>\n<meta property=\"article:publisher\" content=\"https:\/\/www.facebook.com\/kayakclubmillau\" \/>\n<meta property=\"article:modified_time\" content=\"2026-03-12T18:20:46+00:00\" \/>\n<meta property=\"og:image\" content=\"https:\/\/kayakclubmillau.com\/wp-content\/uploads\/2026\/03\/freestyle_kayak-1024x632.png\" \/>\n\t<meta property=\"og:image:width\" content=\"1024\" \/>\n\t<meta property=\"og:image:height\" content=\"632\" \/>\n\t<meta property=\"og:image:type\" content=\"image\/png\" \/>\n<meta name=\"twitter:card\" content=\"summary_large_image\" \/>\n<meta name=\"twitter:label1\" content=\"Dur\u00e9e de lecture estim\u00e9e\" \/>\n\t<meta name=\"twitter:data1\" content=\"1 minute\" \/>\n<script type=\"application\/ld+json\" class=\"yoast-schema-graph\">{\"@context\":\"https:\\\/\\\/schema.org\",\"@graph\":[{\"@type\":\"WebPage\",\"@id\":\"https:\\\/\\\/kayakclubmillau.com\\\/fr\\\/le-spot\\\/\",\"url\":\"https:\\\/\\\/kayakclubmillau.com\\\/fr\\\/le-spot\\\/\",\"name\":\"Le Spot - Kayak Club Millau\",\"isPartOf\":{\"@id\":\"https:\\\/\\\/kayakclubmillau.com\\\/fr\\\/#website\"},\"primaryImageOfPage\":{\"@id\":\"https:\\\/\\\/kayakclubmillau.com\\\/fr\\\/le-spot\\\/#primaryimage\"},\"image\":{\"@id\":\"https:\\\/\\\/kayakclubmillau.com\\\/fr\\\/le-spot\\\/#primaryimage\"},\"thumbnailUrl\":\"https:\\\/\\\/kayakclubmillau.com\\\/wp-content\\\/uploads\\\/2026\\\/03\\\/freestyle_kayak-1024x632.png\",\"datePublished\":\"2026-03-02T15:32:21+00:00\",\"dateModified\":\"2026-03-12T18:20:46+00:00\",\"description\":\"Host of the 2026 freestyle kayaking ICF World Cup #1\",\"breadcrumb\":{\"@id\":\"https:\\\/\\\/kayakclubmillau.com\\\/fr\\\/le-spot\\\/#breadcrumb\"},\"inLanguage\":\"fr-FR\",\"potentialAction\":[{\"@type\":\"ReadAction\",\"target\":[\"https:\\\/\\\/kayakclubmillau.com\\\/fr\\\/le-spot\\\/\"]}]},{\"@type\":\"ImageObject\",\"inLanguage\":\"fr-FR\",\"@id\":\"https:\\\/\\\/kayakclubmillau.com\\\/fr\\\/le-spot\\\/#primaryimage\",\"url\":\"https:\\\/\\\/kayakclubmillau.com\\\/wp-content\\\/uploads\\\/2026\\\/03\\\/freestyle_kayak-1024x632.png\",\"contentUrl\":\"https:\\\/\\\/kayakclubmillau.com\\\/wp-content\\\/uploads\\\/2026\\\/03\\\/freestyle_kayak-1024x632.png\"},{\"@type\":\"BreadcrumbList\",\"@id\":\"https:\\\/\\\/kayakclubmillau.com\\\/fr\\\/le-spot\\\/#breadcrumb\",\"itemListElement\":[{\"@type\":\"ListItem\",\"position\":1,\"name\":\"Accueil\",\"item\":\"https:\\\/\\\/kayakclubmillau.com\\\/fr\\\/\"},{\"@type\":\"ListItem\",\"position\":2,\"name\":\"Le Spot\"}]},{\"@type\":\"WebSite\",\"@id\":\"https:\\\/\\\/kayakclubmillau.com\\\/fr\\\/#website\",\"url\":\"https:\\\/\\\/kayakclubmillau.com\\\/fr\\\/\",\"name\":\"Kayak Club Millau\",\"description\":\"Host of the 2026 freestyle kayaking ICF World Cup #1\",\"publisher\":{\"@id\":\"https:\\\/\\\/kayakclubmillau.com\\\/fr\\\/#organization\"},\"potentialAction\":[{\"@type\":\"SearchAction\",\"target\":{\"@type\":\"EntryPoint\",\"urlTemplate\":\"https:\\\/\\\/kayakclubmillau.com\\\/fr\\\/?s={search_term_string}\"},\"query-input\":{\"@type\":\"PropertyValueSpecification\",\"valueRequired\":true,\"valueName\":\"search_term_string\"}}],\"inLanguage\":\"fr-FR\"},{\"@type\":\"Organization\",\"@id\":\"https:\\\/\\\/kayakclubmillau.com\\\/fr\\\/#organization\",\"name\":\"Kayak Club Millau\",\"url\":\"https:\\\/\\\/kayakclubmillau.com\\\/fr\\\/\",\"logo\":{\"@type\":\"ImageObject\",\"inLanguage\":\"fr-FR\",\"@id\":\"https:\\\/\\\/kayakclubmillau.com\\\/fr\\\/#\\\/schema\\\/logo\\\/image\\\/\",\"url\":\"https:\\\/\\\/kayakclubmillau.com\\\/wp-content\\\/uploads\\\/2026\\\/04\\\/cropped-logo-ICF-CANOE-FREESTYLE-WORLD-CUP-Millau-2026.png\",\"contentUrl\":\"https:\\\/\\\/kayakclubmillau.com\\\/wp-content\\\/uploads\\\/2026\\\/04\\\/cropped-logo-ICF-CANOE-FREESTYLE-WORLD-CUP-Millau-2026.png\",\"width\":512,\"height\":512,\"caption\":\"Kayak Club Millau\"},\"image\":{\"@id\":\"https:\\\/\\\/kayakclubmillau.com\\\/fr\\\/#\\\/schema\\\/logo\\\/image\\\/\"},\"sameAs\":[\"https:\\\/\\\/www.facebook.com\\\/kayakclubmillau\",\"https:\\\/\\\/www.instagram.com\\\/kayak_club_millau\\\/\",\"https:\\\/\\\/www.linkedin.com\\\/company\\\/kayak-club-millau\\\/about\\\/\"]}]}<\/script>\n<!-- \/ Yoast SEO plugin. -->","yoast_head_json":{"title":"Le Spot - Kayak Club Millau","description":"Host of the 2026 freestyle kayaking ICF World Cup #1","robots":{"index":"index","follow":"follow","max-snippet":"max-snippet:-1","max-image-preview":"max-image-preview:large","max-video-preview":"max-video-preview:-1"},"canonical":"https:\/\/kayakclubmillau.com\/fr\/le-spot\/","og_locale":"fr_FR","og_type":"article","og_title":"Le Spot - Kayak Club Millau","og_description":"Host of the 2026 freestyle kayaking ICF World Cup #1","og_url":"https:\/\/kayakclubmillau.com\/fr\/le-spot\/","og_site_name":"Kayak Club Millau","article_publisher":"https:\/\/www.facebook.com\/kayakclubmillau","article_modified_time":"2026-03-12T18:20:46+00:00","og_image":[{"width":1024,"height":632,"url":"https:\/\/kayakclubmillau.com\/wp-content\/uploads\/2026\/03\/freestyle_kayak-1024x632.png","type":"image\/png"}],"twitter_card":"summary_large_image","twitter_misc":{"Dur\u00e9e de lecture estim\u00e9e":"1 minute"},"schema":{"@context":"https:\/\/schema.org","@graph":[{"@type":"WebPage","@id":"https:\/\/kayakclubmillau.com\/fr\/le-spot\/","url":"https:\/\/kayakclubmillau.com\/fr\/le-spot\/","name":"Le Spot - Kayak Club Millau","isPartOf":{"@id":"https:\/\/kayakclubmillau.com\/fr\/#website"},"primaryImageOfPage":{"@id":"https:\/\/kayakclubmillau.com\/fr\/le-spot\/#primaryimage"},"image":{"@id":"https:\/\/kayakclubmillau.com\/fr\/le-spot\/#primaryimage"},"thumbnailUrl":"https:\/\/kayakclubmillau.com\/wp-content\/uploads\/2026\/03\/freestyle_kayak-1024x632.png","datePublished":"2026-03-02T15:32:21+00:00","dateModified":"2026-03-12T18:20:46+00:00","description":"Host of the 2026 freestyle kayaking ICF World Cup #1","breadcrumb":{"@id":"https:\/\/kayakclubmillau.com\/fr\/le-spot\/#breadcrumb"},"inLanguage":"fr-FR","potentialAction":[{"@type":"ReadAction","target":["https:\/\/kayakclubmillau.com\/fr\/le-spot\/"]}]},{"@type":"ImageObject","inLanguage":"fr-FR","@id":"https:\/\/kayakclubmillau.com\/fr\/le-spot\/#primaryimage","url":"https:\/\/kayakclubmillau.com\/wp-content\/uploads\/2026\/03\/freestyle_kayak-1024x632.png","contentUrl":"https:\/\/kayakclubmillau.com\/wp-content\/uploads\/2026\/03\/freestyle_kayak-1024x632.png"},{"@type":"BreadcrumbList","@id":"https:\/\/kayakclubmillau.com\/fr\/le-spot\/#breadcrumb","itemListElement":[{"@type":"ListItem","position":1,"name":"Accueil","item":"https:\/\/kayakclubmillau.com\/fr\/"},{"@type":"ListItem","position":2,"name":"Le Spot"}]},{"@type":"WebSite","@id":"https:\/\/kayakclubmillau.com\/fr\/#website","url":"https:\/\/kayakclubmillau.com\/fr\/","name":"Kayak Club Millau","description":"Host of the 2026 freestyle kayaking ICF World Cup #1","publisher":{"@id":"https:\/\/kayakclubmillau.com\/fr\/#organization"},"potentialAction":[{"@type":"SearchAction","target":{"@type":"EntryPoint","urlTemplate":"https:\/\/kayakclubmillau.com\/fr\/?s={search_term_string}"},"query-input":{"@type":"PropertyValueSpecification","valueRequired":true,"valueName":"search_term_string"}}],"inLanguage":"fr-FR"},{"@type":"Organization","@id":"https:\/\/kayakclubmillau.com\/fr\/#organization","name":"Kayak Club Millau","url":"https:\/\/kayakclubmillau.com\/fr\/","logo":{"@type":"ImageObject","inLanguage":"fr-FR","@id":"https:\/\/kayakclubmillau.com\/fr\/#\/schema\/logo\/image\/","url":"https:\/\/kayakclubmillau.com\/wp-content\/uploads\/2026\/04\/cropped-logo-ICF-CANOE-FREESTYLE-WORLD-CUP-Millau-2026.png","contentUrl":"https:\/\/kayakclubmillau.com\/wp-content\/uploads\/2026\/04\/cropped-logo-ICF-CANOE-FREESTYLE-WORLD-CUP-Millau-2026.png","width":512,"height":512,"caption":"Kayak Club Millau"},"image":{"@id":"https:\/\/kayakclubmillau.com\/fr\/#\/schema\/logo\/image\/"},"sameAs":["https:\/\/www.facebook.com\/kayakclubmillau","https:\/\/www.instagram.com\/kayak_club_millau\/","https:\/\/www.linkedin.com\/company\/kayak-club-millau\/about\/"]}]}},"_links":{"self":[{"href":"https:\/\/kayakclubmillau.com\/fr\/wp-json\/wp\/v2\/pages\/640","targetHints":{"allow":["GET"]}}],"collection":[{"href":"https:\/\/kayakclubmillau.com\/fr\/wp-json\/wp\/v2\/pages"}],"about":[{"href":"https:\/\/kayakclubmillau.com\/fr\/wp-json\/wp\/v2\/types\/page"}],"author":[{"embeddable":true,"href":"https:\/\/kayakclubmillau.com\/fr\/wp-json\/wp\/v2\/users\/1"}],"replies":[{"embeddable":true,"href":"https:\/\/kayakclubmillau.com\/fr\/wp-json\/wp\/v2\/comments?post=640"}],"version-history":[{"count":2,"href":"https:\/\/kayakclubmillau.com\/fr\/wp-json\/wp\/v2\/pages\/640\/revisions"}],"predecessor-version":[{"id":678,"href":"https:\/\/kayakclubmillau.com\/fr\/wp-json\/wp\/v2\/pages\/640\/revisions\/678"}],"wp:attachment":[{"href":"https:\/\/kayakclubmillau.com\/fr\/wp-json\/wp\/v2\/media?parent=640"}],"curies":[{"name":"wp","href":"https:\/\/api.w.org\/{rel}","templated":true}]}}