{"id":650,"date":"2026-03-02T16:32:57","date_gmt":"2026-03-02T15:32:57","guid":{"rendered":"https:\/\/kayakclubmillau.com\/competition\/"},"modified":"2026-03-11T16:18:47","modified_gmt":"2026-03-11T15:18:47","slug":"competition","status":"publish","type":"page","link":"https:\/\/kayakclubmillau.com\/fr\/competition\/","title":{"rendered":"Comp\u00e9tition"},"content":{"rendered":"\n<div class=\"wp-block-group alignfull is-style-default has-global-padding is-layout-constrained wp-block-group-is-layout-constrained\" style=\"margin-top:0;margin-bottom:0;padding-top:var(--wp--preset--spacing--80);padding-bottom:var(--wp--preset--spacing--80)\">\n<div class=\"wp-block-columns alignwide is-layout-flex wp-container-core-columns-is-layout-66fad18a wp-block-columns-is-layout-flex\">\n<div class=\"wp-block-column is-layout-flow wp-block-column-is-layout-flow\" style=\"padding-right:var(--wp--preset--spacing--50);flex-basis:45%\">\n<div class=\"wp-block-cover aligncenter is-light\" style=\"border-top-left-radius:5px;border-top-right-radius:5px;border-bottom-left-radius:5px;border-bottom-right-radius:5px;min-height:463px;aspect-ratio:unset;\"><img loading=\"lazy\" decoding=\"async\" width=\"1024\" height=\"683\" class=\"wp-block-cover__image-background wp-image-29 size-large\" alt=\"\" src=\"https:\/\/kayakclubmillau.com\/wp-content\/uploads\/2026\/03\/NG2025_Lucien_Schreiber-375-1024x683.jpg\" style=\"object-position:50% 3%\" data-object-fit=\"cover\" data-object-position=\"50% 3%\" srcset=\"https:\/\/kayakclubmillau.com\/wp-content\/uploads\/2026\/03\/NG2025_Lucien_Schreiber-375-1024x683.jpg 1024w, https:\/\/kayakclubmillau.com\/wp-content\/uploads\/2026\/03\/NG2025_Lucien_Schreiber-375-300x200.jpg 300w, https:\/\/kayakclubmillau.com\/wp-content\/uploads\/2026\/03\/NG2025_Lucien_Schreiber-375-768x512.jpg 768w, https:\/\/kayakclubmillau.com\/wp-content\/uploads\/2026\/03\/NG2025_Lucien_Schreiber-375-1536x1024.jpg 1536w, https:\/\/kayakclubmillau.com\/wp-content\/uploads\/2026\/03\/NG2025_Lucien_Schreiber-375-2048x1365.jpg 2048w\" sizes=\"auto, (max-width: 1024px) 100vw, 1024px\" \/><span aria-hidden=\"true\" class=\"wp-block-cover__background has-background-dim-0 has-background-dim\" style=\"background-color:#a4adb9\"><\/span><div class=\"wp-block-cover__inner-container is-layout-flow wp-block-cover-is-layout-flow\">\n<p class=\"has-text-align-center has-large-font-size\"><\/p>\n<\/div><\/div>\n<\/div>\n\n\n\n<div class=\"wp-block-column is-vertically-aligned-center is-layout-flow wp-block-column-is-layout-flow\" style=\"padding-right:0;padding-left:0;flex-basis:50%\">\n<div class=\"wp-block-group is-vertical is-layout-flex wp-container-core-group-is-layout-fe9cc265 wp-block-group-is-layout-flex\">\n<h2 class=\"wp-block-heading is-style-text-annotation has-x-large-font-size is-style-text-annotation--1\">Inscriptions<\/h2>\n\n\n\n<p class=\"is-style-text-subtitle has-beiruti-font-family is-style-text-subtitle--2\">Proc\u00e9dure d&#8217;inscription et d\u00e9lais : les inscriptions et les demandes d&#8217;accr\u00e9ditation doivent \u00eatre effectu\u00e9es par la F\u00e9d\u00e9ration nationale en utilisant le<a href=\"https:\/\/icf.mev.atos.net\/icf\/\" type=\"link\" id=\"https:\/\/icf.mev.atos.net\/icf\/\" target=\"_blank\" rel=\"noreferrer noopener\"> syst\u00e8me d&#8217;inscription en ligne de l&#8217;ICF<\/a> (SDP). <\/p>\n\n\n\n<p class=\"is-style-text-subtitle has-beiruti-font-family is-style-text-subtitle--3\">Pour obtenir des instructions d\u00e9taill\u00e9es sur la proc\u00e9dure d&#8217;inscription, veuillez consulter le guide d&#8217;utilisation du SDP. Toute question ou probl\u00e8me relatif aux inscriptions ou \u00e0 l&#8217;accr\u00e9ditation doit \u00eatre envoy\u00e9 \u00e0 <a href=\"mailto:sdp@canoeicf.com\" target=\"_blank\" rel=\"noreferrer noopener nofollow\">sdp@canoeicf.com<\/a> avant la date limite. <\/p>\n\n\n\n<div class=\"wp-block-buttons is-content-justification-center is-layout-flex wp-container-core-buttons-is-layout-c124d1c4 wp-block-buttons-is-layout-flex\">\n<div class=\"wp-block-button has-custom-width wp-block-button__width-100 is-style-fill\"><a class=\"wp-block-button__link has-text-align-center wp-element-button\" href=\"http:\/\/www.canoeicf.com\/sites\/default\/files\/nf_userguide_v2.2.pdf\" style=\"padding-top:var(--wp--preset--spacing--20);padding-right:var(--wp--preset--spacing--40);padding-bottom:var(--wp--preset--spacing--20);padding-left:var(--wp--preset--spacing--40)\" target=\"_blank\" rel=\"noreferrer noopener nofollow\">SDP Guide<\/a><\/div>\n<\/div>\n<\/div>\n<\/div>\n<\/div>\n<\/div>\n\n<div class=\"wp-block-group alignfull is-style-section-5 has-global-padding is-layout-constrained wp-block-group-is-layout-constrained is-style-section-5--4\" style=\"margin-top:0;margin-bottom:0;padding-top:var(--wp--preset--spacing--80);padding-bottom:var(--wp--preset--spacing--80)\">\n<div class=\"wp-block-columns alignwide is-layout-flex wp-container-core-columns-is-layout-66fad18a wp-block-columns-is-layout-flex\">\n<div class=\"wp-block-column is-vertically-aligned-center is-layout-flow wp-block-column-is-layout-flow\" style=\"padding-right:0;padding-left:0;flex-basis:50%\">\n<div class=\"wp-block-group is-vertical is-layout-flex wp-container-core-group-is-layout-fe9cc265 wp-block-group-is-layout-flex\">\n<h2 class=\"wp-block-heading is-style-text-annotation has-x-large-font-size is-style-text-annotation--5\">Frais de participation<\/h2>\n\n\n\n<p class=\"is-style-text-subtitle has-beiruti-font-family is-style-text-subtitle--6\">Des frais de participation de 100 \u20ac seront factur\u00e9s \u00e0 chaque athl\u00e8te accr\u00e9dit\u00e9 et officiel d&#8217;\u00e9quipe pour couvrir la dur\u00e9e des phases officielles d&#8217;entra\u00eenement et de comp\u00e9tition de la Coupe du monde de cano\u00eb-kayak freestyle ICF 2026 \u00e0 Millau.<\/p>\n\n\n\n<p class=\"is-style-text-subtitle has-beiruti-font-family is-style-text-subtitle--7\">Des frais de jugement seront \u00e9galement factur\u00e9s pour chaque athl\u00e8te accr\u00e9dit\u00e9 ; le montant sera annonc\u00e9 dans des bulletins ult\u00e9rieurs.<\/p>\n<\/div>\n<\/div>\n\n\n\n<div class=\"wp-block-column is-layout-flow wp-block-column-is-layout-flow\" style=\"padding-right:var(--wp--preset--spacing--50);flex-basis:45%\">\n<div class=\"wp-block-cover aligncenter\" style=\"border-top-left-radius:5px;border-top-right-radius:5px;border-bottom-left-radius:5px;border-bottom-right-radius:5px\"><img loading=\"lazy\" decoding=\"async\" width=\"1500\" height=\"1001\" class=\"wp-block-cover__image-background wp-image-39\" alt=\"\" src=\"https:\/\/kayakclubmillau.com\/wp-content\/uploads\/2026\/03\/NG2017_KayakFreeStyle\u00a9SamBIE-DSN_5861.jpg\" style=\"object-position:88% 44%\" data-object-fit=\"cover\" data-object-position=\"88% 44%\" srcset=\"https:\/\/kayakclubmillau.com\/wp-content\/uploads\/2026\/03\/NG2017_KayakFreeStyle\u00a9SamBIE-DSN_5861.jpg 1500w, https:\/\/kayakclubmillau.com\/wp-content\/uploads\/2026\/03\/NG2017_KayakFreeStyle\u00a9SamBIE-DSN_5861-300x200.jpg 300w, https:\/\/kayakclubmillau.com\/wp-content\/uploads\/2026\/03\/NG2017_KayakFreeStyle\u00a9SamBIE-DSN_5861-1024x683.jpg 1024w, https:\/\/kayakclubmillau.com\/wp-content\/uploads\/2026\/03\/NG2017_KayakFreeStyle\u00a9SamBIE-DSN_5861-768x513.jpg 768w\" sizes=\"auto, (max-width: 1500px) 100vw, 1500px\" \/><span aria-hidden=\"true\" class=\"wp-block-cover__background has-background-dim-0 has-background-dim\"><\/span><div class=\"wp-block-cover__inner-container is-layout-flow wp-block-cover-is-layout-flow\">\n<p class=\"has-text-align-center has-large-font-size\" style=\"border-top-left-radius:5px;border-top-right-radius:5px;border-bottom-left-radius:5px;border-bottom-right-radius:5px\"><\/p>\n<\/div><\/div>\n<\/div>\n<\/div>\n<\/div>\n\n<div class=\"wp-block-group alignfull is-style-section-1 has-background has-global-padding is-layout-constrained wp-block-group-is-layout-constrained is-style-section-1--8\" style=\"background-color:#d5f5ff;margin-top:0;margin-bottom:0;padding-top:var(--wp--preset--spacing--80);padding-bottom:var(--wp--preset--spacing--80)\">\n<div class=\"wp-block-columns alignwide is-layout-flex wp-container-core-columns-is-layout-66fad18a wp-block-columns-is-layout-flex\">\n<div class=\"wp-block-column is-layout-flow wp-block-column-is-layout-flow\" style=\"padding-right:var(--wp--preset--spacing--50);flex-basis:45%\">\n<div class=\"wp-block-cover aligncenter is-light\" style=\"border-top-left-radius:5px;border-top-right-radius:5px;border-bottom-left-radius:5px;border-bottom-right-radius:5px;min-height:464px;aspect-ratio:unset;\"><img loading=\"lazy\" decoding=\"async\" width=\"2560\" height=\"1707\" class=\"wp-block-cover__image-background wp-image-48\" alt=\"\" src=\"https:\/\/kayakclubmillau.com\/wp-content\/uploads\/2026\/03\/NG2025_Lucien_Schreiber-446-scaled.jpg\" style=\"object-position:0% 45%\" data-object-fit=\"cover\" data-object-position=\"0% 45%\" srcset=\"https:\/\/kayakclubmillau.com\/wp-content\/uploads\/2026\/03\/NG2025_Lucien_Schreiber-446-scaled.jpg 2560w, https:\/\/kayakclubmillau.com\/wp-content\/uploads\/2026\/03\/NG2025_Lucien_Schreiber-446-300x200.jpg 300w, https:\/\/kayakclubmillau.com\/wp-content\/uploads\/2026\/03\/NG2025_Lucien_Schreiber-446-1024x683.jpg 1024w, https:\/\/kayakclubmillau.com\/wp-content\/uploads\/2026\/03\/NG2025_Lucien_Schreiber-446-768x512.jpg 768w, https:\/\/kayakclubmillau.com\/wp-content\/uploads\/2026\/03\/NG2025_Lucien_Schreiber-446-1536x1024.jpg 1536w, https:\/\/kayakclubmillau.com\/wp-content\/uploads\/2026\/03\/NG2025_Lucien_Schreiber-446-2048x1365.jpg 2048w\" sizes=\"auto, (max-width: 2560px) 100vw, 2560px\" \/><span aria-hidden=\"true\" class=\"wp-block-cover__background has-background-dim-0 has-background-dim\"><\/span><div class=\"wp-block-cover__inner-container is-layout-flow wp-block-cover-is-layout-flow\">\n<p class=\"has-text-align-center has-large-font-size\"><\/p>\n<\/div><\/div>\n<\/div>\n\n\n\n<div class=\"wp-block-column is-vertically-aligned-center is-layout-flow wp-block-column-is-layout-flow\" style=\"padding-right:0;padding-left:0;flex-basis:50%\">\n<div class=\"wp-block-group is-vertical is-layout-flex wp-container-core-group-is-layout-fe9cc265 wp-block-group-is-layout-flex\">\n<h2 class=\"wp-block-heading is-style-text-annotation has-x-large-font-size is-style-text-annotation--9\">Visas<\/h2>\n\n\n\n<p class=\"has-beiruti-font-family has-large-font-size\">L\u2019obligation de visa pour entrer en France d\u00e9pend de votre nationalit\u00e9 et de la dur\u00e9e de votre s\u00e9jour. Certains voyageurs peuvent s\u00e9journer jusqu\u2019\u00e0 90 jours sans visa, tandis que d\u2019autres doivent solliciter un visa Schengen de court s\u00e9jour avant leur d\u00e9part. Pour plus d\u2019informations et pour faire une demande, veuillez consulter le site officiel <a href=\"https:\/\/france-visas.gouv.fr\/en\/web\/france-visas\/\" type=\"link\" id=\"https:\/\/france-visas.gouv.fr\/en\/web\/france-visas\/\" target=\"_blank\" rel=\"noreferrer noopener\">France-Visas<\/a>.  <\/p>\n\n\n\n<p class=\"has-beiruti-font-family has-large-font-size\"> Pour toute question ou si vous avez besoin d&#8217;une lettre d&#8217;invitation pour un visa, merci d&#8217;envoyer votre demande \u00e0 <a href=\"mailto:contact@kayakclubmillau.com\">contact@kayakclubmillau.com<\/a><\/p>\n<\/div>\n<\/div>\n<\/div>\n<\/div>\n\n<p><\/p>\n","protected":false},"excerpt":{"rendered":"<p>Inscriptions Proc\u00e9dure d&#8217;inscription et d\u00e9lais : les inscriptions et les demandes d&#8217;accr\u00e9ditation doivent \u00eatre effectu\u00e9es par la F\u00e9d\u00e9ration nationale en utilisant le syst\u00e8me d&#8217;inscription en ligne de l&#8217;ICF (SDP). Pour obtenir des instructions d\u00e9taill\u00e9es sur la proc\u00e9dure d&#8217;inscription, veuillez consulter le guide d&#8217;utilisation du SDP. Toute question ou probl\u00e8me relatif aux inscriptions ou \u00e0 l&#8217;accr\u00e9ditation [&hellip;]<\/p>\n","protected":false},"author":1,"featured_media":0,"parent":0,"menu_order":0,"comment_status":"closed","ping_status":"closed","template":"page-no-title","meta":{"footnotes":""},"class_list":["post-650","page","type-page","status-publish","hentry"],"yoast_head":"<!-- This site is optimized with the Yoast SEO plugin v27.3 - https:\/\/yoast.com\/product\/yoast-seo-wordpress\/ -->\n<title>Comp\u00e9tition - Kayak Club Millau<\/title>\n<meta name=\"description\" content=\"Host of the 2026 freestyle kayaking ICF World Cup #1\" \/>\n<meta name=\"robots\" content=\"index, follow, max-snippet:-1, max-image-preview:large, max-video-preview:-1\" \/>\n<link rel=\"canonical\" href=\"https:\/\/kayakclubmillau.com\/fr\/competition\/\" \/>\n<meta property=\"og:locale\" content=\"fr_FR\" \/>\n<meta property=\"og:type\" content=\"article\" \/>\n<meta property=\"og:title\" content=\"Comp\u00e9tition - Kayak Club Millau\" \/>\n<meta property=\"og:description\" content=\"Host of the 2026 freestyle kayaking ICF World Cup #1\" \/>\n<meta property=\"og:url\" content=\"https:\/\/kayakclubmillau.com\/fr\/competition\/\" \/>\n<meta property=\"og:site_name\" content=\"Kayak Club Millau\" \/>\n<meta property=\"article:publisher\" content=\"https:\/\/www.facebook.com\/kayakclubmillau\" \/>\n<meta property=\"article:modified_time\" content=\"2026-03-11T15:18:47+00:00\" \/>\n<meta property=\"og:image\" content=\"https:\/\/kayakclubmillau.com\/wp-content\/uploads\/2026\/03\/NG2025_Lucien_Schreiber-375-scaled.jpg\" \/>\n\t<meta property=\"og:image:width\" content=\"2560\" \/>\n\t<meta property=\"og:image:height\" content=\"1707\" \/>\n\t<meta property=\"og:image:type\" content=\"image\/jpeg\" \/>\n<meta name=\"twitter:card\" content=\"summary_large_image\" \/>\n<meta name=\"twitter:label1\" content=\"Dur\u00e9e de lecture estim\u00e9e\" \/>\n\t<meta name=\"twitter:data1\" content=\"1 minute\" \/>\n<script type=\"application\/ld+json\" class=\"yoast-schema-graph\">{\"@context\":\"https:\\\/\\\/schema.org\",\"@graph\":[{\"@type\":\"WebPage\",\"@id\":\"https:\\\/\\\/kayakclubmillau.com\\\/fr\\\/competition\\\/\",\"url\":\"https:\\\/\\\/kayakclubmillau.com\\\/fr\\\/competition\\\/\",\"name\":\"Comp\u00e9tition - Kayak Club Millau\",\"isPartOf\":{\"@id\":\"https:\\\/\\\/kayakclubmillau.com\\\/fr\\\/#website\"},\"primaryImageOfPage\":{\"@id\":\"https:\\\/\\\/kayakclubmillau.com\\\/fr\\\/competition\\\/#primaryimage\"},\"image\":{\"@id\":\"https:\\\/\\\/kayakclubmillau.com\\\/fr\\\/competition\\\/#primaryimage\"},\"thumbnailUrl\":\"https:\\\/\\\/kayakclubmillau.com\\\/wp-content\\\/uploads\\\/2026\\\/03\\\/NG2025_Lucien_Schreiber-375-1024x683.jpg\",\"datePublished\":\"2026-03-02T15:32:57+00:00\",\"dateModified\":\"2026-03-11T15:18:47+00:00\",\"description\":\"Host of the 2026 freestyle kayaking ICF World Cup #1\",\"breadcrumb\":{\"@id\":\"https:\\\/\\\/kayakclubmillau.com\\\/fr\\\/competition\\\/#breadcrumb\"},\"inLanguage\":\"fr-FR\",\"potentialAction\":[{\"@type\":\"ReadAction\",\"target\":[\"https:\\\/\\\/kayakclubmillau.com\\\/fr\\\/competition\\\/\"]}]},{\"@type\":\"ImageObject\",\"inLanguage\":\"fr-FR\",\"@id\":\"https:\\\/\\\/kayakclubmillau.com\\\/fr\\\/competition\\\/#primaryimage\",\"url\":\"https:\\\/\\\/kayakclubmillau.com\\\/wp-content\\\/uploads\\\/2026\\\/03\\\/NG2025_Lucien_Schreiber-375-1024x683.jpg\",\"contentUrl\":\"https:\\\/\\\/kayakclubmillau.com\\\/wp-content\\\/uploads\\\/2026\\\/03\\\/NG2025_Lucien_Schreiber-375-1024x683.jpg\"},{\"@type\":\"BreadcrumbList\",\"@id\":\"https:\\\/\\\/kayakclubmillau.com\\\/fr\\\/competition\\\/#breadcrumb\",\"itemListElement\":[{\"@type\":\"ListItem\",\"position\":1,\"name\":\"Accueil\",\"item\":\"https:\\\/\\\/kayakclubmillau.com\\\/fr\\\/\"},{\"@type\":\"ListItem\",\"position\":2,\"name\":\"Comp\u00e9tition\"}]},{\"@type\":\"WebSite\",\"@id\":\"https:\\\/\\\/kayakclubmillau.com\\\/fr\\\/#website\",\"url\":\"https:\\\/\\\/kayakclubmillau.com\\\/fr\\\/\",\"name\":\"Kayak Club Millau\",\"description\":\"Host of the 2026 freestyle kayaking ICF World Cup #1\",\"publisher\":{\"@id\":\"https:\\\/\\\/kayakclubmillau.com\\\/fr\\\/#organization\"},\"potentialAction\":[{\"@type\":\"SearchAction\",\"target\":{\"@type\":\"EntryPoint\",\"urlTemplate\":\"https:\\\/\\\/kayakclubmillau.com\\\/fr\\\/?s={search_term_string}\"},\"query-input\":{\"@type\":\"PropertyValueSpecification\",\"valueRequired\":true,\"valueName\":\"search_term_string\"}}],\"inLanguage\":\"fr-FR\"},{\"@type\":\"Organization\",\"@id\":\"https:\\\/\\\/kayakclubmillau.com\\\/fr\\\/#organization\",\"name\":\"Kayak Club Millau\",\"url\":\"https:\\\/\\\/kayakclubmillau.com\\\/fr\\\/\",\"logo\":{\"@type\":\"ImageObject\",\"inLanguage\":\"fr-FR\",\"@id\":\"https:\\\/\\\/kayakclubmillau.com\\\/fr\\\/#\\\/schema\\\/logo\\\/image\\\/\",\"url\":\"https:\\\/\\\/kayakclubmillau.com\\\/wp-content\\\/uploads\\\/2026\\\/04\\\/cropped-logo-ICF-CANOE-FREESTYLE-WORLD-CUP-Millau-2026.png\",\"contentUrl\":\"https:\\\/\\\/kayakclubmillau.com\\\/wp-content\\\/uploads\\\/2026\\\/04\\\/cropped-logo-ICF-CANOE-FREESTYLE-WORLD-CUP-Millau-2026.png\",\"width\":512,\"height\":512,\"caption\":\"Kayak Club Millau\"},\"image\":{\"@id\":\"https:\\\/\\\/kayakclubmillau.com\\\/fr\\\/#\\\/schema\\\/logo\\\/image\\\/\"},\"sameAs\":[\"https:\\\/\\\/www.facebook.com\\\/kayakclubmillau\",\"https:\\\/\\\/www.instagram.com\\\/kayak_club_millau\\\/\",\"https:\\\/\\\/www.linkedin.com\\\/company\\\/kayak-club-millau\\\/about\\\/\"]}]}<\/script>\n<!-- \/ Yoast SEO plugin. -->","yoast_head_json":{"title":"Comp\u00e9tition - Kayak Club Millau","description":"Host of the 2026 freestyle kayaking ICF World Cup #1","robots":{"index":"index","follow":"follow","max-snippet":"max-snippet:-1","max-image-preview":"max-image-preview:large","max-video-preview":"max-video-preview:-1"},"canonical":"https:\/\/kayakclubmillau.com\/fr\/competition\/","og_locale":"fr_FR","og_type":"article","og_title":"Comp\u00e9tition - Kayak Club Millau","og_description":"Host of the 2026 freestyle kayaking ICF World Cup #1","og_url":"https:\/\/kayakclubmillau.com\/fr\/competition\/","og_site_name":"Kayak Club Millau","article_publisher":"https:\/\/www.facebook.com\/kayakclubmillau","article_modified_time":"2026-03-11T15:18:47+00:00","og_image":[{"width":2560,"height":1707,"url":"https:\/\/kayakclubmillau.com\/wp-content\/uploads\/2026\/03\/NG2025_Lucien_Schreiber-375-scaled.jpg","type":"image\/jpeg"}],"twitter_card":"summary_large_image","twitter_misc":{"Dur\u00e9e de lecture estim\u00e9e":"1 minute"},"schema":{"@context":"https:\/\/schema.org","@graph":[{"@type":"WebPage","@id":"https:\/\/kayakclubmillau.com\/fr\/competition\/","url":"https:\/\/kayakclubmillau.com\/fr\/competition\/","name":"Comp\u00e9tition - Kayak Club Millau","isPartOf":{"@id":"https:\/\/kayakclubmillau.com\/fr\/#website"},"primaryImageOfPage":{"@id":"https:\/\/kayakclubmillau.com\/fr\/competition\/#primaryimage"},"image":{"@id":"https:\/\/kayakclubmillau.com\/fr\/competition\/#primaryimage"},"thumbnailUrl":"https:\/\/kayakclubmillau.com\/wp-content\/uploads\/2026\/03\/NG2025_Lucien_Schreiber-375-1024x683.jpg","datePublished":"2026-03-02T15:32:57+00:00","dateModified":"2026-03-11T15:18:47+00:00","description":"Host of the 2026 freestyle kayaking ICF World Cup #1","breadcrumb":{"@id":"https:\/\/kayakclubmillau.com\/fr\/competition\/#breadcrumb"},"inLanguage":"fr-FR","potentialAction":[{"@type":"ReadAction","target":["https:\/\/kayakclubmillau.com\/fr\/competition\/"]}]},{"@type":"ImageObject","inLanguage":"fr-FR","@id":"https:\/\/kayakclubmillau.com\/fr\/competition\/#primaryimage","url":"https:\/\/kayakclubmillau.com\/wp-content\/uploads\/2026\/03\/NG2025_Lucien_Schreiber-375-1024x683.jpg","contentUrl":"https:\/\/kayakclubmillau.com\/wp-content\/uploads\/2026\/03\/NG2025_Lucien_Schreiber-375-1024x683.jpg"},{"@type":"BreadcrumbList","@id":"https:\/\/kayakclubmillau.com\/fr\/competition\/#breadcrumb","itemListElement":[{"@type":"ListItem","position":1,"name":"Accueil","item":"https:\/\/kayakclubmillau.com\/fr\/"},{"@type":"ListItem","position":2,"name":"Comp\u00e9tition"}]},{"@type":"WebSite","@id":"https:\/\/kayakclubmillau.com\/fr\/#website","url":"https:\/\/kayakclubmillau.com\/fr\/","name":"Kayak Club Millau","description":"Host of the 2026 freestyle kayaking ICF World Cup #1","publisher":{"@id":"https:\/\/kayakclubmillau.com\/fr\/#organization"},"potentialAction":[{"@type":"SearchAction","target":{"@type":"EntryPoint","urlTemplate":"https:\/\/kayakclubmillau.com\/fr\/?s={search_term_string}"},"query-input":{"@type":"PropertyValueSpecification","valueRequired":true,"valueName":"search_term_string"}}],"inLanguage":"fr-FR"},{"@type":"Organization","@id":"https:\/\/kayakclubmillau.com\/fr\/#organization","name":"Kayak Club Millau","url":"https:\/\/kayakclubmillau.com\/fr\/","logo":{"@type":"ImageObject","inLanguage":"fr-FR","@id":"https:\/\/kayakclubmillau.com\/fr\/#\/schema\/logo\/image\/","url":"https:\/\/kayakclubmillau.com\/wp-content\/uploads\/2026\/04\/cropped-logo-ICF-CANOE-FREESTYLE-WORLD-CUP-Millau-2026.png","contentUrl":"https:\/\/kayakclubmillau.com\/wp-content\/uploads\/2026\/04\/cropped-logo-ICF-CANOE-FREESTYLE-WORLD-CUP-Millau-2026.png","width":512,"height":512,"caption":"Kayak Club Millau"},"image":{"@id":"https:\/\/kayakclubmillau.com\/fr\/#\/schema\/logo\/image\/"},"sameAs":["https:\/\/www.facebook.com\/kayakclubmillau","https:\/\/www.instagram.com\/kayak_club_millau\/","https:\/\/www.linkedin.com\/company\/kayak-club-millau\/about\/"]}]}},"_links":{"self":[{"href":"https:\/\/kayakclubmillau.com\/fr\/wp-json\/wp\/v2\/pages\/650","targetHints":{"allow":["GET"]}}],"collection":[{"href":"https:\/\/kayakclubmillau.com\/fr\/wp-json\/wp\/v2\/pages"}],"about":[{"href":"https:\/\/kayakclubmillau.com\/fr\/wp-json\/wp\/v2\/types\/page"}],"author":[{"embeddable":true,"href":"https:\/\/kayakclubmillau.com\/fr\/wp-json\/wp\/v2\/users\/1"}],"replies":[{"embeddable":true,"href":"https:\/\/kayakclubmillau.com\/fr\/wp-json\/wp\/v2\/comments?post=650"}],"version-history":[{"count":1,"href":"https:\/\/kayakclubmillau.com\/fr\/wp-json\/wp\/v2\/pages\/650\/revisions"}],"predecessor-version":[{"id":651,"href":"https:\/\/kayakclubmillau.com\/fr\/wp-json\/wp\/v2\/pages\/650\/revisions\/651"}],"wp:attachment":[{"href":"https:\/\/kayakclubmillau.com\/fr\/wp-json\/wp\/v2\/media?parent=650"}],"curies":[{"name":"wp","href":"https:\/\/api.w.org\/{rel}","templated":true}]}}