{"id":652,"date":"2026-03-02T16:36:24","date_gmt":"2026-03-02T15:36:24","guid":{"rendered":"https:\/\/kayakclubmillau.com\/programme\/"},"modified":"2026-03-11T16:22:53","modified_gmt":"2026-03-11T15:22:53","slug":"programme","status":"publish","type":"page","link":"https:\/\/kayakclubmillau.com\/fr\/programme\/","title":{"rendered":"Programme"},"content":{"rendered":"\n<div class=\"wp-block-cover alignfull has-custom-content-position is-position-center-right\" style=\"margin-top:0;margin-bottom:0;padding-top:var(--wp--preset--spacing--50);padding-right:var(--wp--preset--spacing--50);padding-bottom:var(--wp--preset--spacing--50);padding-left:var(--wp--preset--spacing--50);min-height:840px;aspect-ratio:unset;\"><img loading=\"lazy\" decoding=\"async\" width=\"1024\" height=\"682\" class=\"wp-block-cover__image-background wp-image-371 size-large\" alt=\"\" src=\"https:\/\/kayakclubmillau.com\/wp-content\/uploads\/2026\/03\/vue-stade-siperbe-a-ameliorer-1024x682.jpg\" data-object-fit=\"cover\" srcset=\"https:\/\/kayakclubmillau.com\/wp-content\/uploads\/2026\/03\/vue-stade-siperbe-a-ameliorer-1024x682.jpg 1024w, https:\/\/kayakclubmillau.com\/wp-content\/uploads\/2026\/03\/vue-stade-siperbe-a-ameliorer-300x200.jpg 300w, https:\/\/kayakclubmillau.com\/wp-content\/uploads\/2026\/03\/vue-stade-siperbe-a-ameliorer-768x512.jpg 768w, https:\/\/kayakclubmillau.com\/wp-content\/uploads\/2026\/03\/vue-stade-siperbe-a-ameliorer-1536x1023.jpg 1536w, https:\/\/kayakclubmillau.com\/wp-content\/uploads\/2026\/03\/vue-stade-siperbe-a-ameliorer.jpg 2048w\" sizes=\"auto, (max-width: 1024px) 100vw, 1024px\" \/><span aria-hidden=\"true\" class=\"wp-block-cover__background has-background-dim-10 has-background-dim\" style=\"background-color:#6c7b80\"><\/span><div class=\"wp-block-cover__inner-container has-global-padding is-layout-constrained wp-container-core-cover-is-layout-d89aad35 wp-block-cover-is-layout-constrained\">\n<p class=\"has-text-align-center\" style=\"font-size:clamp(3.8rem, 3.8rem + ((1vw - 0.2rem) * 6.588), 8rem);\"><strong>Programme<\/strong><\/p>\n<\/div><\/div>\n\n<div class=\"wp-block-group alignfull is-style-section-1 has-global-padding is-layout-constrained wp-container-core-group-is-layout-cdf985e3 wp-block-group-is-layout-constrained is-style-section-1--1\" style=\"min-height:100vh;margin-top:0;margin-bottom:0;padding-top:var(--wp--preset--spacing--80);padding-right:var(--wp--preset--spacing--80);padding-bottom:var(--wp--preset--spacing--80);padding-left:var(--wp--preset--spacing--80)\">\n<div class=\"wp-block-columns alignwide are-vertically-aligned-center is-layout-flex wp-container-core-columns-is-layout-643ced6b wp-block-columns-is-layout-flex\">\n<div class=\"wp-block-column is-vertically-aligned-center is-layout-flow wp-block-column-is-layout-flow\">\n<div class=\"wp-block-group is-vertical is-content-justification-stretch is-layout-flex wp-container-core-group-is-layout-353c4f5a wp-block-group-is-layout-flex\">\n<h2 class=\"wp-block-heading is-style-default\">Titre de l&#8217;\u00e9v\u00e9nement<\/h2>\n\n\n\n<p class=\"has-text-align-center has-large-font-size\">Coupe du monde de cano\u00eb-kayak freestyle ICF 2026 \u00e0 Millau<\/p>\n\n\n\n<h2 class=\"wp-block-heading\">Dates de l&#8217;\u00e9v\u00e9nement<\/h2>\n\n\n\n<p class=\"has-text-align-center has-large-font-size\">P\u00e9riode officielle d&#8217;entra\u00eenement : du lundi 22 juin au mercredi 24 juin 2026 <\/p>\n\n\n\n<p class=\"has-text-align-center has-large-font-size\">Comp\u00e9tition : du jeudi 25 juin au samedi 27 juin 2026<\/p>\n\n\n\n<h2 class=\"wp-block-heading\">Nom et adresse du lieu<\/h2>\n\n\n\n<p class=\"has-text-align-center has-large-font-size\">PARC AQUA VAGUES<\/p>\n\n\n\n<p class=\"has-text-align-center has-large-font-size\">Parc de loisirs de la Maladrerie<\/p>\n\n\n\n<p class=\"has-text-align-center has-large-font-size\">12100 Millau, France<\/p>\n\n\n\n<h2 class=\"wp-block-heading\">Description de l&#8217;\u00e9v\u00e9nement<\/h2>\n\n\n\n<p class=\"is-style-default has-large-font-size\">La Coupe du monde se d\u00e9roulera du jeudi 25 au samedi 27 juin. Les demi-finales et la finale pourraient avoir lieu en soir\u00e9e, au coucher du soleil. Des animations seront \u00e9galement organis\u00e9es sur place, en plus de la comp\u00e9tition, telles qu&#8217;une course de Dragon Boat, un Boarder Cross, du Big Air et du stand-up paddle. Plus d&#8217;informations seront disponibles dans le Bulletin n\u00b0 2.   <\/p>\n\n\n\n<p class=\"is-style-default has-large-font-size\">Musique et restauration seront \u00e9galement au programme de deux soir\u00e9es le vendredi 26 et le samedi 27 juin. Plus d&#8217;informations seront communiqu\u00e9es ult\u00e9rieurement. <br\/><\/p>\n<\/div>\n<\/div>\n<\/div>\n\n\n\n<div style=\"height:20px\" aria-hidden=\"true\" class=\"wp-block-spacer\"><\/div>\n\n\n\n<div class=\"wp-block-group alignfull has-beiruti-font-family has-global-padding is-layout-constrained wp-block-group-is-layout-constrained\">\n<h2 class=\"wp-block-heading has-text-align-left is-style-text-subtitle has-x-large-font-size is-style-text-subtitle--2\"><strong>Programme<\/strong><\/h2>\n\n\n\n<figure style=\"margin-right:0;margin-left:0;padding-top:0;padding-right:0\" class=\"wp-block-table\"><table class=\"has-accent-2-background-color has-background has-fixed-layout\"><tbody><tr><td><strong>Lundi 22 juin 2026<\/strong><\/td><td><strong>Entra\u00eenement officiel<\/strong><\/td><\/tr><tr><td><strong>Mardi 23 juin 2026<\/strong><\/td><td><strong>Entra\u00eenements officiels<\/strong><br\/>C\u00e9r\u00e9monie d&#8217;ouverture<br\/>D\u00eener athl\u00e8te<br\/>Soir\u00e9e<\/td><\/tr><tr><td><strong>Mercredi 24 juin 2026<\/strong><\/td><td><strong>Entra\u00eenement officiel<\/strong><\/td><\/tr><tr><td><strong>Jeudi 25 juin 2026<\/strong><\/td><td><strong>Jour de comp\u00e9tition 1<\/strong><\/td><\/tr><tr><td><strong>Vendredi 26 juin 2026<\/strong><\/td><td><strong>Jour 2 de comp\u00e9tition<\/strong><br\/>Dragon boat<br\/>Big Air<br\/>Soir\u00e9e sur place<\/td><\/tr><tr><td><strong>Samedi 27 juin 2026<\/strong><\/td><td><strong>Jour 3 de comp\u00e9tition<\/strong><br\/>Dragon boat<br\/>Big Air<br\/>Soir\u00e9e sur place<\/td><\/tr><\/tbody><\/table><\/figure>\n<\/div>\n<\/div>\n","protected":false},"excerpt":{"rendered":"<p>Titre de l&#8217;\u00e9v\u00e9nement Coupe du monde de cano\u00eb-kayak freestyle ICF 2026 \u00e0 Millau Dates de l&#8217;\u00e9v\u00e9nement P\u00e9riode officielle d&#8217;entra\u00eenement : du lundi 22 juin au mercredi 24 juin 2026 Comp\u00e9tition : du jeudi 25 juin au samedi 27 juin 2026 Nom et adresse du lieu PARC AQUA VAGUES Parc de loisirs de la Maladrerie 12100 [&hellip;]<\/p>\n","protected":false},"author":1,"featured_media":0,"parent":0,"menu_order":0,"comment_status":"closed","ping_status":"closed","template":"page-no-title","meta":{"footnotes":""},"class_list":["post-652","page","type-page","status-publish","hentry"],"yoast_head":"<!-- This site is optimized with the Yoast SEO plugin v27.3 - https:\/\/yoast.com\/product\/yoast-seo-wordpress\/ -->\n<title>Programme - Kayak Club Millau<\/title>\n<meta name=\"description\" content=\"Host of the 2026 freestyle kayaking ICF World Cup #1\" \/>\n<meta name=\"robots\" content=\"index, follow, max-snippet:-1, max-image-preview:large, max-video-preview:-1\" \/>\n<link rel=\"canonical\" href=\"https:\/\/kayakclubmillau.com\/fr\/programme\/\" \/>\n<meta property=\"og:locale\" content=\"fr_FR\" \/>\n<meta property=\"og:type\" content=\"article\" \/>\n<meta property=\"og:title\" content=\"Programme - Kayak Club Millau\" \/>\n<meta property=\"og:description\" content=\"Host of the 2026 freestyle kayaking ICF World Cup #1\" \/>\n<meta property=\"og:url\" content=\"https:\/\/kayakclubmillau.com\/fr\/programme\/\" \/>\n<meta property=\"og:site_name\" content=\"Kayak Club Millau\" \/>\n<meta property=\"article:publisher\" content=\"https:\/\/www.facebook.com\/kayakclubmillau\" \/>\n<meta property=\"article:modified_time\" content=\"2026-03-11T15:22:53+00:00\" \/>\n<meta property=\"og:image\" content=\"https:\/\/kayakclubmillau.com\/wp-content\/uploads\/2026\/03\/vue-stade-siperbe-a-ameliorer.jpg\" \/>\n\t<meta property=\"og:image:width\" content=\"2048\" \/>\n\t<meta property=\"og:image:height\" content=\"1364\" \/>\n\t<meta property=\"og:image:type\" content=\"image\/jpeg\" \/>\n<meta name=\"twitter:card\" content=\"summary_large_image\" \/>\n<meta name=\"twitter:label1\" content=\"Dur\u00e9e de lecture estim\u00e9e\" \/>\n\t<meta name=\"twitter:data1\" content=\"1 minute\" \/>\n<script type=\"application\/ld+json\" class=\"yoast-schema-graph\">{\"@context\":\"https:\\\/\\\/schema.org\",\"@graph\":[{\"@type\":\"WebPage\",\"@id\":\"https:\\\/\\\/kayakclubmillau.com\\\/fr\\\/programme\\\/\",\"url\":\"https:\\\/\\\/kayakclubmillau.com\\\/fr\\\/programme\\\/\",\"name\":\"Programme - Kayak Club Millau\",\"isPartOf\":{\"@id\":\"https:\\\/\\\/kayakclubmillau.com\\\/fr\\\/#website\"},\"primaryImageOfPage\":{\"@id\":\"https:\\\/\\\/kayakclubmillau.com\\\/fr\\\/programme\\\/#primaryimage\"},\"image\":{\"@id\":\"https:\\\/\\\/kayakclubmillau.com\\\/fr\\\/programme\\\/#primaryimage\"},\"thumbnailUrl\":\"https:\\\/\\\/kayakclubmillau.com\\\/wp-content\\\/uploads\\\/2026\\\/03\\\/vue-stade-siperbe-a-ameliorer-1024x682.jpg\",\"datePublished\":\"2026-03-02T15:36:24+00:00\",\"dateModified\":\"2026-03-11T15:22:53+00:00\",\"description\":\"Host of the 2026 freestyle kayaking ICF World Cup #1\",\"breadcrumb\":{\"@id\":\"https:\\\/\\\/kayakclubmillau.com\\\/fr\\\/programme\\\/#breadcrumb\"},\"inLanguage\":\"fr-FR\",\"potentialAction\":[{\"@type\":\"ReadAction\",\"target\":[\"https:\\\/\\\/kayakclubmillau.com\\\/fr\\\/programme\\\/\"]}]},{\"@type\":\"ImageObject\",\"inLanguage\":\"fr-FR\",\"@id\":\"https:\\\/\\\/kayakclubmillau.com\\\/fr\\\/programme\\\/#primaryimage\",\"url\":\"https:\\\/\\\/kayakclubmillau.com\\\/wp-content\\\/uploads\\\/2026\\\/03\\\/vue-stade-siperbe-a-ameliorer-1024x682.jpg\",\"contentUrl\":\"https:\\\/\\\/kayakclubmillau.com\\\/wp-content\\\/uploads\\\/2026\\\/03\\\/vue-stade-siperbe-a-ameliorer-1024x682.jpg\"},{\"@type\":\"BreadcrumbList\",\"@id\":\"https:\\\/\\\/kayakclubmillau.com\\\/fr\\\/programme\\\/#breadcrumb\",\"itemListElement\":[{\"@type\":\"ListItem\",\"position\":1,\"name\":\"Accueil\",\"item\":\"https:\\\/\\\/kayakclubmillau.com\\\/fr\\\/\"},{\"@type\":\"ListItem\",\"position\":2,\"name\":\"Programme\"}]},{\"@type\":\"WebSite\",\"@id\":\"https:\\\/\\\/kayakclubmillau.com\\\/fr\\\/#website\",\"url\":\"https:\\\/\\\/kayakclubmillau.com\\\/fr\\\/\",\"name\":\"Kayak Club Millau\",\"description\":\"Host of the 2026 freestyle kayaking ICF World Cup #1\",\"publisher\":{\"@id\":\"https:\\\/\\\/kayakclubmillau.com\\\/fr\\\/#organization\"},\"potentialAction\":[{\"@type\":\"SearchAction\",\"target\":{\"@type\":\"EntryPoint\",\"urlTemplate\":\"https:\\\/\\\/kayakclubmillau.com\\\/fr\\\/?s={search_term_string}\"},\"query-input\":{\"@type\":\"PropertyValueSpecification\",\"valueRequired\":true,\"valueName\":\"search_term_string\"}}],\"inLanguage\":\"fr-FR\"},{\"@type\":\"Organization\",\"@id\":\"https:\\\/\\\/kayakclubmillau.com\\\/fr\\\/#organization\",\"name\":\"Kayak Club Millau\",\"url\":\"https:\\\/\\\/kayakclubmillau.com\\\/fr\\\/\",\"logo\":{\"@type\":\"ImageObject\",\"inLanguage\":\"fr-FR\",\"@id\":\"https:\\\/\\\/kayakclubmillau.com\\\/fr\\\/#\\\/schema\\\/logo\\\/image\\\/\",\"url\":\"https:\\\/\\\/kayakclubmillau.com\\\/wp-content\\\/uploads\\\/2026\\\/04\\\/cropped-logo-ICF-CANOE-FREESTYLE-WORLD-CUP-Millau-2026.png\",\"contentUrl\":\"https:\\\/\\\/kayakclubmillau.com\\\/wp-content\\\/uploads\\\/2026\\\/04\\\/cropped-logo-ICF-CANOE-FREESTYLE-WORLD-CUP-Millau-2026.png\",\"width\":512,\"height\":512,\"caption\":\"Kayak Club Millau\"},\"image\":{\"@id\":\"https:\\\/\\\/kayakclubmillau.com\\\/fr\\\/#\\\/schema\\\/logo\\\/image\\\/\"},\"sameAs\":[\"https:\\\/\\\/www.facebook.com\\\/kayakclubmillau\",\"https:\\\/\\\/www.instagram.com\\\/kayak_club_millau\\\/\",\"https:\\\/\\\/www.linkedin.com\\\/company\\\/kayak-club-millau\\\/about\\\/\"]}]}<\/script>\n<!-- \/ Yoast SEO plugin. -->","yoast_head_json":{"title":"Programme - Kayak Club Millau","description":"Host of the 2026 freestyle kayaking ICF World Cup #1","robots":{"index":"index","follow":"follow","max-snippet":"max-snippet:-1","max-image-preview":"max-image-preview:large","max-video-preview":"max-video-preview:-1"},"canonical":"https:\/\/kayakclubmillau.com\/fr\/programme\/","og_locale":"fr_FR","og_type":"article","og_title":"Programme - Kayak Club Millau","og_description":"Host of the 2026 freestyle kayaking ICF World Cup #1","og_url":"https:\/\/kayakclubmillau.com\/fr\/programme\/","og_site_name":"Kayak Club Millau","article_publisher":"https:\/\/www.facebook.com\/kayakclubmillau","article_modified_time":"2026-03-11T15:22:53+00:00","og_image":[{"width":2048,"height":1364,"url":"https:\/\/kayakclubmillau.com\/wp-content\/uploads\/2026\/03\/vue-stade-siperbe-a-ameliorer.jpg","type":"image\/jpeg"}],"twitter_card":"summary_large_image","twitter_misc":{"Dur\u00e9e de lecture estim\u00e9e":"1 minute"},"schema":{"@context":"https:\/\/schema.org","@graph":[{"@type":"WebPage","@id":"https:\/\/kayakclubmillau.com\/fr\/programme\/","url":"https:\/\/kayakclubmillau.com\/fr\/programme\/","name":"Programme - Kayak Club Millau","isPartOf":{"@id":"https:\/\/kayakclubmillau.com\/fr\/#website"},"primaryImageOfPage":{"@id":"https:\/\/kayakclubmillau.com\/fr\/programme\/#primaryimage"},"image":{"@id":"https:\/\/kayakclubmillau.com\/fr\/programme\/#primaryimage"},"thumbnailUrl":"https:\/\/kayakclubmillau.com\/wp-content\/uploads\/2026\/03\/vue-stade-siperbe-a-ameliorer-1024x682.jpg","datePublished":"2026-03-02T15:36:24+00:00","dateModified":"2026-03-11T15:22:53+00:00","description":"Host of the 2026 freestyle kayaking ICF World Cup #1","breadcrumb":{"@id":"https:\/\/kayakclubmillau.com\/fr\/programme\/#breadcrumb"},"inLanguage":"fr-FR","potentialAction":[{"@type":"ReadAction","target":["https:\/\/kayakclubmillau.com\/fr\/programme\/"]}]},{"@type":"ImageObject","inLanguage":"fr-FR","@id":"https:\/\/kayakclubmillau.com\/fr\/programme\/#primaryimage","url":"https:\/\/kayakclubmillau.com\/wp-content\/uploads\/2026\/03\/vue-stade-siperbe-a-ameliorer-1024x682.jpg","contentUrl":"https:\/\/kayakclubmillau.com\/wp-content\/uploads\/2026\/03\/vue-stade-siperbe-a-ameliorer-1024x682.jpg"},{"@type":"BreadcrumbList","@id":"https:\/\/kayakclubmillau.com\/fr\/programme\/#breadcrumb","itemListElement":[{"@type":"ListItem","position":1,"name":"Accueil","item":"https:\/\/kayakclubmillau.com\/fr\/"},{"@type":"ListItem","position":2,"name":"Programme"}]},{"@type":"WebSite","@id":"https:\/\/kayakclubmillau.com\/fr\/#website","url":"https:\/\/kayakclubmillau.com\/fr\/","name":"Kayak Club Millau","description":"Host of the 2026 freestyle kayaking ICF World Cup #1","publisher":{"@id":"https:\/\/kayakclubmillau.com\/fr\/#organization"},"potentialAction":[{"@type":"SearchAction","target":{"@type":"EntryPoint","urlTemplate":"https:\/\/kayakclubmillau.com\/fr\/?s={search_term_string}"},"query-input":{"@type":"PropertyValueSpecification","valueRequired":true,"valueName":"search_term_string"}}],"inLanguage":"fr-FR"},{"@type":"Organization","@id":"https:\/\/kayakclubmillau.com\/fr\/#organization","name":"Kayak Club Millau","url":"https:\/\/kayakclubmillau.com\/fr\/","logo":{"@type":"ImageObject","inLanguage":"fr-FR","@id":"https:\/\/kayakclubmillau.com\/fr\/#\/schema\/logo\/image\/","url":"https:\/\/kayakclubmillau.com\/wp-content\/uploads\/2026\/04\/cropped-logo-ICF-CANOE-FREESTYLE-WORLD-CUP-Millau-2026.png","contentUrl":"https:\/\/kayakclubmillau.com\/wp-content\/uploads\/2026\/04\/cropped-logo-ICF-CANOE-FREESTYLE-WORLD-CUP-Millau-2026.png","width":512,"height":512,"caption":"Kayak Club Millau"},"image":{"@id":"https:\/\/kayakclubmillau.com\/fr\/#\/schema\/logo\/image\/"},"sameAs":["https:\/\/www.facebook.com\/kayakclubmillau","https:\/\/www.instagram.com\/kayak_club_millau\/","https:\/\/www.linkedin.com\/company\/kayak-club-millau\/about\/"]}]}},"_links":{"self":[{"href":"https:\/\/kayakclubmillau.com\/fr\/wp-json\/wp\/v2\/pages\/652","targetHints":{"allow":["GET"]}}],"collection":[{"href":"https:\/\/kayakclubmillau.com\/fr\/wp-json\/wp\/v2\/pages"}],"about":[{"href":"https:\/\/kayakclubmillau.com\/fr\/wp-json\/wp\/v2\/types\/page"}],"author":[{"embeddable":true,"href":"https:\/\/kayakclubmillau.com\/fr\/wp-json\/wp\/v2\/users\/1"}],"replies":[{"embeddable":true,"href":"https:\/\/kayakclubmillau.com\/fr\/wp-json\/wp\/v2\/comments?post=652"}],"version-history":[{"count":1,"href":"https:\/\/kayakclubmillau.com\/fr\/wp-json\/wp\/v2\/pages\/652\/revisions"}],"predecessor-version":[{"id":653,"href":"https:\/\/kayakclubmillau.com\/fr\/wp-json\/wp\/v2\/pages\/652\/revisions\/653"}],"wp:attachment":[{"href":"https:\/\/kayakclubmillau.com\/fr\/wp-json\/wp\/v2\/media?parent=652"}],"curies":[{"name":"wp","href":"https:\/\/api.w.org\/{rel}","templated":true}]}}