{"id":654,"date":"2026-03-05T17:41:05","date_gmt":"2026-03-05T16:41:05","guid":{"rendered":"https:\/\/kayakclubmillau.com\/le-kayak-freestyle\/"},"modified":"2026-03-11T16:26:23","modified_gmt":"2026-03-11T15:26:23","slug":"le-kayak-freestyle","status":"publish","type":"page","link":"https:\/\/kayakclubmillau.com\/fr\/le-kayak-freestyle\/","title":{"rendered":"Le Kayak Freestyle"},"content":{"rendered":"\n<div class=\"wp-block-group alignfull is-style-section-5 is-layout-flow wp-container-core-group-is-layout-e603688c wp-block-group-is-layout-flow is-style-section-5--1\" style=\"min-height:100vh;margin-top:0;margin-bottom:0;padding-top:0;padding-right:0;padding-bottom:0;padding-left:0\">\n<div class=\"wp-block-columns alignfull are-vertically-aligned-center is-layout-flex wp-container-core-columns-is-layout-c6809a2b wp-block-columns-is-layout-flex\">\n<div class=\"wp-block-column is-vertically-aligned-center has-global-padding is-content-justification-center is-layout-constrained wp-block-column-is-layout-constrained\">\n<div class=\"wp-block-cover alignfull is-light\" style=\"min-height:1109px;aspect-ratio:unset;\"><img loading=\"lazy\" decoding=\"async\" width=\"1707\" height=\"2560\" class=\"wp-block-cover__image-background wp-image-32 size-full\" alt=\"\" src=\"https:\/\/kayakclubmillau.com\/wp-content\/uploads\/2026\/03\/MG_1023-scaled.jpg\" data-object-fit=\"cover\" srcset=\"https:\/\/kayakclubmillau.com\/wp-content\/uploads\/2026\/03\/MG_1023-scaled.jpg 1707w, https:\/\/kayakclubmillau.com\/wp-content\/uploads\/2026\/03\/MG_1023-200x300.jpg 200w, https:\/\/kayakclubmillau.com\/wp-content\/uploads\/2026\/03\/MG_1023-683x1024.jpg 683w, https:\/\/kayakclubmillau.com\/wp-content\/uploads\/2026\/03\/MG_1023-768x1152.jpg 768w, https:\/\/kayakclubmillau.com\/wp-content\/uploads\/2026\/03\/MG_1023-1024x1536.jpg 1024w, https:\/\/kayakclubmillau.com\/wp-content\/uploads\/2026\/03\/MG_1023-1365x2048.jpg 1365w\" sizes=\"auto, (max-width: 1707px) 100vw, 1707px\" \/><span aria-hidden=\"true\" class=\"wp-block-cover__background has-accent-2-background-color has-background-dim-30 has-background-dim\"><\/span><div class=\"wp-block-cover__inner-container is-layout-flow wp-block-cover-is-layout-flow\">\n<p class=\"has-text-align-center has-large-font-size\"><\/p>\n<\/div><\/div>\n<\/div>\n\n\n\n<div class=\"wp-block-column is-vertically-aligned-center is-layout-flow wp-block-column-is-layout-flow\">\n<div class=\"wp-block-group is-style-default is-vertical is-content-justification-stretch is-nowrap is-layout-flex wp-container-core-group-is-layout-9a2e2d63 wp-block-group-is-layout-flex\" style=\"min-height:10%\">\n<div style=\"height:0px\" aria-hidden=\"true\" class=\"wp-block-spacer wp-container-content-16d1eb73\"><\/div>\n\n\n\n<h2 class=\"wp-block-heading\">Le Kayak Freestyle<\/h2>\n\n\n\n<p class=\"has-large-font-size wp-container-content-9cfa9a5a\">N\u00e9e au d\u00e9but des ann\u00e9es 1990 aux \u00c9tats-Unis, cette discipline fait partie de la F\u00e9d\u00e9ration internationale de cano\u00eb (ICF) depuis 2007. Les championnats du monde ont lieu tous les deux ans, en alternance avec les coupes du monde. <\/p>\n\n\n\n<p class=\"has-large-font-size wp-container-content-9cfa9a5a\">Le kayak freestyle consiste \u00e0 r\u00e9aliser des figures acrobatiques en eaux vives \u00e0 bord d&#8217;un kayak, d&#8217;un cano\u00eb ou d&#8217;un cano\u00eb ouvert. Cette discipline se pratique sur des vagues et rouleaux, appel\u00e9s \u00ab spots \u00bb. La France offre des spots exceptionnels comme Hawa\u00ef-sur-Rh\u00f4ne \u00e0 Lyon ou La Malate \u00e0 Besan\u00e7on.  <\/p>\n\n\n\n<p class=\"has-large-font-size wp-container-content-9cfa9a5a\">L&#8217;objectif est de marquer un maximum de points en 45 secondes sous le regard attentif des juges. Les figures sont codifi\u00e9es et not\u00e9es selon leur difficult\u00e9 d&#8217;ex\u00e9cution verticale et horizontale, ainsi que selon l&#8217;amplitude et le style du pagayeur. Plus la figure est difficile, plus elle rapporte des points.  <\/p>\n<\/div>\n<\/div>\n<\/div>\n\n\n\n<div class=\"wp-block-group alignfull is-style-section-2 is-layout-flow wp-container-core-group-is-layout-548c0a7b wp-block-group-is-layout-flow is-style-section-2--2\" style=\"margin-top:0;margin-bottom:0;padding-top:0;padding-right:0;padding-bottom:0;padding-left:0\">\n<div class=\"wp-block-columns alignfull are-vertically-aligned-center is-style-section-2 is-layout-flex wp-container-core-columns-is-layout-b2864ded wp-block-columns-is-layout-flex is-style-section-2--3\" style=\"margin-top:0;margin-bottom:0;padding-top:0;padding-bottom:0\">\n<div class=\"wp-block-column is-vertically-aligned-center is-layout-flow wp-container-core-column-is-layout-962eb279 wp-block-column-is-layout-flow\" style=\"padding-top:0;padding-right:0;padding-bottom:0\">\n<figure class=\"wp-block-embed aligncenter is-type-video is-provider-vimeo wp-block-embed-vimeo wp-embed-aspect-4-3 wp-has-aspect-ratio\"><div class=\"wp-block-embed__wrapper\">\n<iframe loading=\"lazy\" title=\"Link or sink.\" src=\"https:\/\/player.vimeo.com\/video\/72253282?dnt=1&amp;app_id=122963\" width=\"500\" height=\"375\" frameborder=\"0\" allow=\"autoplay; fullscreen; picture-in-picture; clipboard-write; encrypted-media; web-share\" referrerpolicy=\"strict-origin-when-cross-origin\"><\/iframe>\n<\/div><\/figure>\n<\/div>\n<\/div>\n<\/div>\n\n\n\n<div class=\"wp-block-columns alignfull are-vertically-aligned-center is-layout-flex wp-container-core-columns-is-layout-d9884270 wp-block-columns-is-layout-flex\" style=\"padding-top:0;padding-bottom:0\">\n<div class=\"wp-block-column is-vertically-aligned-center is-layout-flow wp-block-column-is-layout-flow\" style=\"padding-top:0;padding-right:var(--wp--preset--spacing--50);padding-bottom:0;padding-left:var(--wp--preset--spacing--50)\">\n<div class=\"wp-block-group is-style-default is-vertical is-content-justification-stretch is-nowrap is-layout-flex wp-container-core-group-is-layout-9a2e2d63 wp-block-group-is-layout-flex\" style=\"min-height:10%\">\n<p class=\"has-large-font-size wp-container-content-9cfa9a5a\">Les concurrents effectuent un maximum de figures durant le temps imparti. Les meilleurs athl\u00e8tes en r\u00e9alisent jusqu&#8217;\u00e0 14 ou 15 par run, soit presque une figure toutes les 2 secondes ! <\/p>\n\n\n\n<p class=\"has-large-font-size wp-container-content-9cfa9a5a\">Les comp\u00e9titions comportent plusieurs manches, des qualifications \u00e0 la finale. \u00c0 chaque manche, seule une fraction des concurrents se qualifie, jusqu&#8217;\u00e0 ce qu&#8217;il ne reste que cinq finalistes.  <\/p>\n\n\n\n<p class=\"has-large-font-size wp-container-content-9cfa9a5a\">Au-del\u00e0 de la comp\u00e9tition, il existe aussi une qu\u00eate de performance lors des \u00ab free sessions \u00bb, ax\u00e9es sur le style, l&#8217;a\u00e9rialit\u00e9 ou les encha\u00eenements. <\/p>\n\n\n\n<h2 class=\"wp-block-heading has-large-font-size\"><strong>Les kayaks:<\/strong><\/h2>\n\n\n\n<p class=\"has-large-font-size wp-container-content-9cfa9a5a\">Les adeptes du freestyle utilisent des embarcations tr\u00e8s courtes, mais relativement larges (environ 1,8 m\u00e8tre de long et 65 centim\u00e8tres de large), avec un volume important \u00e0 l&#8217;avant et \u00e0 l&#8217;arri\u00e8re. La conception de la coque et la r\u00e9partition du volume permettent \u00e0 l&#8217;embarcation de surfer sur les vagues et de suivre les courants et les mouvements du pagayeur, autorisant ainsi des rotations et figures acrobatiques. <\/p>\n\n\n\n<p><\/p>\n<\/div>\n\n\n\n<div class=\"wp-block-group is-style-default is-vertical is-content-justification-stretch is-nowrap is-layout-flex wp-container-core-group-is-layout-9a2e2d63 wp-block-group-is-layout-flex\" style=\"min-height:10%\">\n<p class=\"has-small-font-size wp-container-content-9cfa9a5a\">Source : <a href=\"https:\/\/www.ffck.org\/freestyle\/presentation\">https:\/\/www.ffck.org\/freestyle\/presentation<\/a><\/p>\n<\/div>\n<\/div>\n\n\n\n<div class=\"wp-block-column is-vertically-aligned-center has-global-padding is-content-justification-center is-layout-constrained wp-block-column-is-layout-constrained\" style=\"padding-top:0;padding-bottom:0\">\n<div class=\"wp-block-cover alignfull is-light\" style=\"padding-top:0;padding-bottom:0;min-height:1177px;aspect-ratio:unset;\"><img loading=\"lazy\" decoding=\"async\" width=\"2560\" height=\"1692\" class=\"wp-block-cover__image-background wp-image-28 size-full\" alt=\"\" src=\"https:\/\/kayakclubmillau.com\/wp-content\/uploads\/2026\/03\/NG2018\u00a9LAURENT_MERLE-3743-scaled.jpg\" style=\"object-position:71% 62%\" data-object-fit=\"cover\" data-object-position=\"71% 62%\" srcset=\"https:\/\/kayakclubmillau.com\/wp-content\/uploads\/2026\/03\/NG2018\u00a9LAURENT_MERLE-3743-scaled.jpg 2560w, https:\/\/kayakclubmillau.com\/wp-content\/uploads\/2026\/03\/NG2018\u00a9LAURENT_MERLE-3743-300x198.jpg 300w, https:\/\/kayakclubmillau.com\/wp-content\/uploads\/2026\/03\/NG2018\u00a9LAURENT_MERLE-3743-1024x677.jpg 1024w, https:\/\/kayakclubmillau.com\/wp-content\/uploads\/2026\/03\/NG2018\u00a9LAURENT_MERLE-3743-768x508.jpg 768w, https:\/\/kayakclubmillau.com\/wp-content\/uploads\/2026\/03\/NG2018\u00a9LAURENT_MERLE-3743-1536x1015.jpg 1536w, https:\/\/kayakclubmillau.com\/wp-content\/uploads\/2026\/03\/NG2018\u00a9LAURENT_MERLE-3743-2048x1354.jpg 2048w\" sizes=\"auto, (max-width: 2560px) 100vw, 2560px\" \/><span aria-hidden=\"true\" class=\"wp-block-cover__background has-accent-2-background-color has-background-dim-30 has-background-dim\"><\/span><div class=\"wp-block-cover__inner-container is-layout-flow wp-block-cover-is-layout-flow\">\n<p class=\"has-text-align-center has-large-font-size\"><\/p>\n<\/div><\/div>\n<\/div>\n<\/div>\n<\/div>\n","protected":false},"excerpt":{"rendered":"<p>Le Kayak Freestyle N\u00e9e au d\u00e9but des ann\u00e9es 1990 aux \u00c9tats-Unis, cette discipline fait partie de la F\u00e9d\u00e9ration internationale de cano\u00eb (ICF) depuis 2007. Les championnats du monde ont lieu tous les deux ans, en alternance avec les coupes du monde. Le kayak freestyle consiste \u00e0 r\u00e9aliser des figures acrobatiques en eaux vives \u00e0 bord [&hellip;]<\/p>\n","protected":false},"author":1,"featured_media":0,"parent":0,"menu_order":0,"comment_status":"closed","ping_status":"closed","template":"page-no-title","meta":{"footnotes":""},"class_list":["post-654","page","type-page","status-publish","hentry"],"yoast_head":"<!-- This site is optimized with the Yoast SEO plugin v27.3 - https:\/\/yoast.com\/product\/yoast-seo-wordpress\/ -->\n<title>Le Kayak Freestyle - Kayak Club Millau<\/title>\n<meta name=\"description\" content=\"Host of the 2026 freestyle kayaking ICF World Cup #1\" \/>\n<meta name=\"robots\" content=\"index, follow, max-snippet:-1, max-image-preview:large, max-video-preview:-1\" \/>\n<link rel=\"canonical\" href=\"https:\/\/kayakclubmillau.com\/fr\/le-kayak-freestyle\/\" \/>\n<meta property=\"og:locale\" content=\"fr_FR\" \/>\n<meta property=\"og:type\" content=\"article\" \/>\n<meta property=\"og:title\" content=\"Le Kayak Freestyle - Kayak Club Millau\" \/>\n<meta property=\"og:description\" content=\"Host of the 2026 freestyle kayaking ICF World Cup #1\" \/>\n<meta property=\"og:url\" content=\"https:\/\/kayakclubmillau.com\/fr\/le-kayak-freestyle\/\" \/>\n<meta property=\"og:site_name\" content=\"Kayak Club Millau\" \/>\n<meta property=\"article:publisher\" content=\"https:\/\/www.facebook.com\/kayakclubmillau\" \/>\n<meta property=\"article:modified_time\" content=\"2026-03-11T15:26:23+00:00\" \/>\n<meta property=\"og:image\" content=\"https:\/\/kayakclubmillau.com\/wp-content\/uploads\/2026\/03\/MG_1023-scaled.jpg\" \/>\n\t<meta property=\"og:image:width\" content=\"1707\" \/>\n\t<meta property=\"og:image:height\" content=\"2560\" \/>\n\t<meta property=\"og:image:type\" content=\"image\/jpeg\" \/>\n<meta name=\"twitter:card\" content=\"summary_large_image\" \/>\n<meta name=\"twitter:label1\" content=\"Dur\u00e9e de lecture estim\u00e9e\" \/>\n\t<meta name=\"twitter:data1\" content=\"2 minutes\" \/>\n<script type=\"application\/ld+json\" class=\"yoast-schema-graph\">{\"@context\":\"https:\\\/\\\/schema.org\",\"@graph\":[{\"@type\":\"WebPage\",\"@id\":\"https:\\\/\\\/kayakclubmillau.com\\\/fr\\\/le-kayak-freestyle\\\/\",\"url\":\"https:\\\/\\\/kayakclubmillau.com\\\/fr\\\/le-kayak-freestyle\\\/\",\"name\":\"Le Kayak Freestyle - Kayak Club Millau\",\"isPartOf\":{\"@id\":\"https:\\\/\\\/kayakclubmillau.com\\\/fr\\\/#website\"},\"primaryImageOfPage\":{\"@id\":\"https:\\\/\\\/kayakclubmillau.com\\\/fr\\\/le-kayak-freestyle\\\/#primaryimage\"},\"image\":{\"@id\":\"https:\\\/\\\/kayakclubmillau.com\\\/fr\\\/le-kayak-freestyle\\\/#primaryimage\"},\"thumbnailUrl\":\"https:\\\/\\\/kayakclubmillau.com\\\/wp-content\\\/uploads\\\/2026\\\/03\\\/MG_1023-scaled.jpg\",\"datePublished\":\"2026-03-05T16:41:05+00:00\",\"dateModified\":\"2026-03-11T15:26:23+00:00\",\"description\":\"Host of the 2026 freestyle kayaking ICF World Cup #1\",\"breadcrumb\":{\"@id\":\"https:\\\/\\\/kayakclubmillau.com\\\/fr\\\/le-kayak-freestyle\\\/#breadcrumb\"},\"inLanguage\":\"fr-FR\",\"potentialAction\":[{\"@type\":\"ReadAction\",\"target\":[\"https:\\\/\\\/kayakclubmillau.com\\\/fr\\\/le-kayak-freestyle\\\/\"]}]},{\"@type\":\"ImageObject\",\"inLanguage\":\"fr-FR\",\"@id\":\"https:\\\/\\\/kayakclubmillau.com\\\/fr\\\/le-kayak-freestyle\\\/#primaryimage\",\"url\":\"https:\\\/\\\/kayakclubmillau.com\\\/wp-content\\\/uploads\\\/2026\\\/03\\\/MG_1023-scaled.jpg\",\"contentUrl\":\"https:\\\/\\\/kayakclubmillau.com\\\/wp-content\\\/uploads\\\/2026\\\/03\\\/MG_1023-scaled.jpg\"},{\"@type\":\"BreadcrumbList\",\"@id\":\"https:\\\/\\\/kayakclubmillau.com\\\/fr\\\/le-kayak-freestyle\\\/#breadcrumb\",\"itemListElement\":[{\"@type\":\"ListItem\",\"position\":1,\"name\":\"Accueil\",\"item\":\"https:\\\/\\\/kayakclubmillau.com\\\/fr\\\/\"},{\"@type\":\"ListItem\",\"position\":2,\"name\":\"Le Kayak Freestyle\"}]},{\"@type\":\"WebSite\",\"@id\":\"https:\\\/\\\/kayakclubmillau.com\\\/fr\\\/#website\",\"url\":\"https:\\\/\\\/kayakclubmillau.com\\\/fr\\\/\",\"name\":\"Kayak Club Millau\",\"description\":\"Host of the 2026 freestyle kayaking ICF World Cup #1\",\"publisher\":{\"@id\":\"https:\\\/\\\/kayakclubmillau.com\\\/fr\\\/#organization\"},\"potentialAction\":[{\"@type\":\"SearchAction\",\"target\":{\"@type\":\"EntryPoint\",\"urlTemplate\":\"https:\\\/\\\/kayakclubmillau.com\\\/fr\\\/?s={search_term_string}\"},\"query-input\":{\"@type\":\"PropertyValueSpecification\",\"valueRequired\":true,\"valueName\":\"search_term_string\"}}],\"inLanguage\":\"fr-FR\"},{\"@type\":\"Organization\",\"@id\":\"https:\\\/\\\/kayakclubmillau.com\\\/fr\\\/#organization\",\"name\":\"Kayak Club Millau\",\"url\":\"https:\\\/\\\/kayakclubmillau.com\\\/fr\\\/\",\"logo\":{\"@type\":\"ImageObject\",\"inLanguage\":\"fr-FR\",\"@id\":\"https:\\\/\\\/kayakclubmillau.com\\\/fr\\\/#\\\/schema\\\/logo\\\/image\\\/\",\"url\":\"https:\\\/\\\/kayakclubmillau.com\\\/wp-content\\\/uploads\\\/2026\\\/04\\\/cropped-logo-ICF-CANOE-FREESTYLE-WORLD-CUP-Millau-2026.png\",\"contentUrl\":\"https:\\\/\\\/kayakclubmillau.com\\\/wp-content\\\/uploads\\\/2026\\\/04\\\/cropped-logo-ICF-CANOE-FREESTYLE-WORLD-CUP-Millau-2026.png\",\"width\":512,\"height\":512,\"caption\":\"Kayak Club Millau\"},\"image\":{\"@id\":\"https:\\\/\\\/kayakclubmillau.com\\\/fr\\\/#\\\/schema\\\/logo\\\/image\\\/\"},\"sameAs\":[\"https:\\\/\\\/www.facebook.com\\\/kayakclubmillau\",\"https:\\\/\\\/www.instagram.com\\\/kayak_club_millau\\\/\",\"https:\\\/\\\/www.linkedin.com\\\/company\\\/kayak-club-millau\\\/about\\\/\"]}]}<\/script>\n<!-- \/ Yoast SEO plugin. -->","yoast_head_json":{"title":"Le Kayak Freestyle - Kayak Club Millau","description":"Host of the 2026 freestyle kayaking ICF World Cup #1","robots":{"index":"index","follow":"follow","max-snippet":"max-snippet:-1","max-image-preview":"max-image-preview:large","max-video-preview":"max-video-preview:-1"},"canonical":"https:\/\/kayakclubmillau.com\/fr\/le-kayak-freestyle\/","og_locale":"fr_FR","og_type":"article","og_title":"Le Kayak Freestyle - Kayak Club Millau","og_description":"Host of the 2026 freestyle kayaking ICF World Cup #1","og_url":"https:\/\/kayakclubmillau.com\/fr\/le-kayak-freestyle\/","og_site_name":"Kayak Club Millau","article_publisher":"https:\/\/www.facebook.com\/kayakclubmillau","article_modified_time":"2026-03-11T15:26:23+00:00","og_image":[{"width":1707,"height":2560,"url":"https:\/\/kayakclubmillau.com\/wp-content\/uploads\/2026\/03\/MG_1023-scaled.jpg","type":"image\/jpeg"}],"twitter_card":"summary_large_image","twitter_misc":{"Dur\u00e9e de lecture estim\u00e9e":"2 minutes"},"schema":{"@context":"https:\/\/schema.org","@graph":[{"@type":"WebPage","@id":"https:\/\/kayakclubmillau.com\/fr\/le-kayak-freestyle\/","url":"https:\/\/kayakclubmillau.com\/fr\/le-kayak-freestyle\/","name":"Le Kayak Freestyle - Kayak Club Millau","isPartOf":{"@id":"https:\/\/kayakclubmillau.com\/fr\/#website"},"primaryImageOfPage":{"@id":"https:\/\/kayakclubmillau.com\/fr\/le-kayak-freestyle\/#primaryimage"},"image":{"@id":"https:\/\/kayakclubmillau.com\/fr\/le-kayak-freestyle\/#primaryimage"},"thumbnailUrl":"https:\/\/kayakclubmillau.com\/wp-content\/uploads\/2026\/03\/MG_1023-scaled.jpg","datePublished":"2026-03-05T16:41:05+00:00","dateModified":"2026-03-11T15:26:23+00:00","description":"Host of the 2026 freestyle kayaking ICF World Cup #1","breadcrumb":{"@id":"https:\/\/kayakclubmillau.com\/fr\/le-kayak-freestyle\/#breadcrumb"},"inLanguage":"fr-FR","potentialAction":[{"@type":"ReadAction","target":["https:\/\/kayakclubmillau.com\/fr\/le-kayak-freestyle\/"]}]},{"@type":"ImageObject","inLanguage":"fr-FR","@id":"https:\/\/kayakclubmillau.com\/fr\/le-kayak-freestyle\/#primaryimage","url":"https:\/\/kayakclubmillau.com\/wp-content\/uploads\/2026\/03\/MG_1023-scaled.jpg","contentUrl":"https:\/\/kayakclubmillau.com\/wp-content\/uploads\/2026\/03\/MG_1023-scaled.jpg"},{"@type":"BreadcrumbList","@id":"https:\/\/kayakclubmillau.com\/fr\/le-kayak-freestyle\/#breadcrumb","itemListElement":[{"@type":"ListItem","position":1,"name":"Accueil","item":"https:\/\/kayakclubmillau.com\/fr\/"},{"@type":"ListItem","position":2,"name":"Le Kayak Freestyle"}]},{"@type":"WebSite","@id":"https:\/\/kayakclubmillau.com\/fr\/#website","url":"https:\/\/kayakclubmillau.com\/fr\/","name":"Kayak Club Millau","description":"Host of the 2026 freestyle kayaking ICF World Cup #1","publisher":{"@id":"https:\/\/kayakclubmillau.com\/fr\/#organization"},"potentialAction":[{"@type":"SearchAction","target":{"@type":"EntryPoint","urlTemplate":"https:\/\/kayakclubmillau.com\/fr\/?s={search_term_string}"},"query-input":{"@type":"PropertyValueSpecification","valueRequired":true,"valueName":"search_term_string"}}],"inLanguage":"fr-FR"},{"@type":"Organization","@id":"https:\/\/kayakclubmillau.com\/fr\/#organization","name":"Kayak Club Millau","url":"https:\/\/kayakclubmillau.com\/fr\/","logo":{"@type":"ImageObject","inLanguage":"fr-FR","@id":"https:\/\/kayakclubmillau.com\/fr\/#\/schema\/logo\/image\/","url":"https:\/\/kayakclubmillau.com\/wp-content\/uploads\/2026\/04\/cropped-logo-ICF-CANOE-FREESTYLE-WORLD-CUP-Millau-2026.png","contentUrl":"https:\/\/kayakclubmillau.com\/wp-content\/uploads\/2026\/04\/cropped-logo-ICF-CANOE-FREESTYLE-WORLD-CUP-Millau-2026.png","width":512,"height":512,"caption":"Kayak Club Millau"},"image":{"@id":"https:\/\/kayakclubmillau.com\/fr\/#\/schema\/logo\/image\/"},"sameAs":["https:\/\/www.facebook.com\/kayakclubmillau","https:\/\/www.instagram.com\/kayak_club_millau\/","https:\/\/www.linkedin.com\/company\/kayak-club-millau\/about\/"]}]}},"_links":{"self":[{"href":"https:\/\/kayakclubmillau.com\/fr\/wp-json\/wp\/v2\/pages\/654","targetHints":{"allow":["GET"]}}],"collection":[{"href":"https:\/\/kayakclubmillau.com\/fr\/wp-json\/wp\/v2\/pages"}],"about":[{"href":"https:\/\/kayakclubmillau.com\/fr\/wp-json\/wp\/v2\/types\/page"}],"author":[{"embeddable":true,"href":"https:\/\/kayakclubmillau.com\/fr\/wp-json\/wp\/v2\/users\/1"}],"replies":[{"embeddable":true,"href":"https:\/\/kayakclubmillau.com\/fr\/wp-json\/wp\/v2\/comments?post=654"}],"version-history":[{"count":1,"href":"https:\/\/kayakclubmillau.com\/fr\/wp-json\/wp\/v2\/pages\/654\/revisions"}],"predecessor-version":[{"id":655,"href":"https:\/\/kayakclubmillau.com\/fr\/wp-json\/wp\/v2\/pages\/654\/revisions\/655"}],"wp:attachment":[{"href":"https:\/\/kayakclubmillau.com\/fr\/wp-json\/wp\/v2\/media?parent=654"}],"curies":[{"name":"wp","href":"https:\/\/api.w.org\/{rel}","templated":true}]}}