{"id":657,"date":"2026-03-05T19:05:59","date_gmt":"2026-03-05T18:05:59","guid":{"rendered":"https:\/\/kayakclubmillau.com\/partenaires\/"},"modified":"2026-04-09T15:42:04","modified_gmt":"2026-04-09T13:42:04","slug":"partenaires","status":"publish","type":"page","link":"https:\/\/kayakclubmillau.com\/fr\/partenaires\/","title":{"rendered":"Partenaires"},"content":{"rendered":"\n<div style=\"height:20px\" aria-hidden=\"true\" class=\"wp-block-spacer\"><\/div>\n\n\n\n<div class=\"wp-block-buttons alignfull is-content-justification-center is-layout-flex wp-container-core-buttons-is-layout-a89b3969 wp-block-buttons-is-layout-flex\">\n<div class=\"wp-block-button has-custom-width wp-block-button__width-100 is-style-fill\"><a class=\"wp-block-button__link has-accent-2-background-color has-text-color has-background has-link-color has-large-font-size has-text-align-center has-custom-font-size wp-element-button\" href=\"https:\/\/kayakclubmillau.com\/wp-content\/uploads\/2026\/03\/PRESENTATION-SPONSORS.pdf\" style=\"border-top-left-radius:0px;border-top-right-radius:0px;border-bottom-left-radius:0px;border-bottom-right-radius:0px;border-top-color:#da7cdc;border-top-width:2px;border-right-style:none;border-right-width:0px;border-bottom-color:#da7cdc;border-bottom-width:2px;border-left-style:none;border-left-width:0px;color:#da7cdc\" target=\"_blank\" rel=\"noreferrer noopener nofollow\"><strong>Vous aussi, prenez part \u00e0 l&#8217;\u00e9v\u00e8nement en devenant partenaire !<\/strong><\/a><\/div>\n<\/div>\n\n\n\n<p class=\"has-beiruti-font-family has-large-font-size\" id=\"tw-target-text\"><strong>Partenaires<\/strong> <strong>institutionnels<\/strong><\/p>\n\n\n\n<div class=\"wp-block-group is-layout-grid wp-container-core-group-is-layout-478b6e6b wp-block-group-is-layout-grid\">\n<figure class=\"wp-block-image size-large\"><img loading=\"lazy\" decoding=\"async\" width=\"1024\" height=\"1024\" src=\"https:\/\/kayakclubmillau.com\/wp-content\/uploads\/2026\/04\/Logo-Kayak-club-millau-1024x1024.jpg\" alt=\"\" class=\"wp-image-819\" srcset=\"https:\/\/kayakclubmillau.com\/wp-content\/uploads\/2026\/04\/Logo-Kayak-club-millau-1024x1024.jpg 1024w, https:\/\/kayakclubmillau.com\/wp-content\/uploads\/2026\/04\/Logo-Kayak-club-millau-300x300.jpg 300w, https:\/\/kayakclubmillau.com\/wp-content\/uploads\/2026\/04\/Logo-Kayak-club-millau-150x150.jpg 150w, https:\/\/kayakclubmillau.com\/wp-content\/uploads\/2026\/04\/Logo-Kayak-club-millau-768x768.jpg 768w, https:\/\/kayakclubmillau.com\/wp-content\/uploads\/2026\/04\/Logo-Kayak-club-millau.jpg 1108w\" sizes=\"auto, (max-width: 1024px) 100vw, 1024px\" \/><\/figure>\n\n\n\n<figure class=\"wp-block-image size-full\"><img loading=\"lazy\" decoding=\"async\" width=\"348\" height=\"326\" src=\"https:\/\/kayakclubmillau.com\/wp-content\/uploads\/2026\/04\/279853057_406015541528374_8302968017300578812_n.jpg\" alt=\"\" class=\"wp-image-818\" srcset=\"https:\/\/kayakclubmillau.com\/wp-content\/uploads\/2026\/04\/279853057_406015541528374_8302968017300578812_n.jpg 348w, https:\/\/kayakclubmillau.com\/wp-content\/uploads\/2026\/04\/279853057_406015541528374_8302968017300578812_n-300x281.jpg 300w\" sizes=\"auto, (max-width: 348px) 100vw, 348px\" \/><\/figure>\n\n\n\n<figure class=\"wp-block-image size-large\"><img loading=\"lazy\" decoding=\"async\" width=\"801\" height=\"1024\" src=\"https:\/\/kayakclubmillau.com\/wp-content\/uploads\/2026\/03\/logo_ville_MILLAU_couleur-801x1024.png\" alt=\"\" class=\"wp-image-502\" srcset=\"https:\/\/kayakclubmillau.com\/wp-content\/uploads\/2026\/03\/logo_ville_MILLAU_couleur-801x1024.png 801w, https:\/\/kayakclubmillau.com\/wp-content\/uploads\/2026\/03\/logo_ville_MILLAU_couleur-235x300.png 235w, https:\/\/kayakclubmillau.com\/wp-content\/uploads\/2026\/03\/logo_ville_MILLAU_couleur-768x982.png 768w, https:\/\/kayakclubmillau.com\/wp-content\/uploads\/2026\/03\/logo_ville_MILLAU_couleur-1202x1536.png 1202w, https:\/\/kayakclubmillau.com\/wp-content\/uploads\/2026\/03\/logo_ville_MILLAU_couleur-1602x2048.png 1602w, https:\/\/kayakclubmillau.com\/wp-content\/uploads\/2026\/03\/logo_ville_MILLAU_couleur-scaled.png 2003w\" sizes=\"auto, (max-width: 801px) 100vw, 801px\" \/><\/figure>\n\n\n\n<figure class=\"wp-block-image size-large\"><img loading=\"lazy\" decoding=\"async\" width=\"1024\" height=\"707\" src=\"https:\/\/kayakclubmillau.com\/wp-content\/uploads\/2026\/03\/CC_millau_grands_causse-1024x707.png\" alt=\"\" class=\"wp-image-503\" srcset=\"https:\/\/kayakclubmillau.com\/wp-content\/uploads\/2026\/03\/CC_millau_grands_causse-1024x707.png 1024w, https:\/\/kayakclubmillau.com\/wp-content\/uploads\/2026\/03\/CC_millau_grands_causse-300x207.png 300w, https:\/\/kayakclubmillau.com\/wp-content\/uploads\/2026\/03\/CC_millau_grands_causse-768x530.png 768w, https:\/\/kayakclubmillau.com\/wp-content\/uploads\/2026\/03\/CC_millau_grands_causse-1536x1061.png 1536w, https:\/\/kayakclubmillau.com\/wp-content\/uploads\/2026\/03\/CC_millau_grands_causse-2048x1415.png 2048w\" sizes=\"auto, (max-width: 1024px) 100vw, 1024px\" \/><\/figure>\n\n\n\n<figure class=\"wp-block-image size-large\"><img loading=\"lazy\" decoding=\"async\" width=\"1024\" height=\"715\" src=\"https:\/\/kayakclubmillau.com\/wp-content\/uploads\/2026\/03\/Aveyron-le-departement-1024x715.png\" alt=\"\" class=\"wp-image-504\" srcset=\"https:\/\/kayakclubmillau.com\/wp-content\/uploads\/2026\/03\/Aveyron-le-departement-1024x715.png 1024w, https:\/\/kayakclubmillau.com\/wp-content\/uploads\/2026\/03\/Aveyron-le-departement-300x209.png 300w, https:\/\/kayakclubmillau.com\/wp-content\/uploads\/2026\/03\/Aveyron-le-departement-768x536.png 768w, https:\/\/kayakclubmillau.com\/wp-content\/uploads\/2026\/03\/Aveyron-le-departement-1536x1072.png 1536w, https:\/\/kayakclubmillau.com\/wp-content\/uploads\/2026\/03\/Aveyron-le-departement-2048x1430.png 2048w\" sizes=\"auto, (max-width: 1024px) 100vw, 1024px\" \/><\/figure>\n\n\n\n<figure class=\"wp-block-image size-full\"><img loading=\"lazy\" decoding=\"async\" width=\"800\" height=\"800\" src=\"https:\/\/kayakclubmillau.com\/wp-content\/uploads\/2026\/03\/Logo_region_Occitanie_2017.png\" alt=\"\" class=\"wp-image-508\" srcset=\"https:\/\/kayakclubmillau.com\/wp-content\/uploads\/2026\/03\/Logo_region_Occitanie_2017.png 800w, https:\/\/kayakclubmillau.com\/wp-content\/uploads\/2026\/03\/Logo_region_Occitanie_2017-300x300.png 300w, https:\/\/kayakclubmillau.com\/wp-content\/uploads\/2026\/03\/Logo_region_Occitanie_2017-150x150.png 150w, https:\/\/kayakclubmillau.com\/wp-content\/uploads\/2026\/03\/Logo_region_Occitanie_2017-768x768.png 768w\" sizes=\"auto, (max-width: 800px) 100vw, 800px\" \/><\/figure>\n\n\n\n<figure class=\"wp-block-image size-full wp-duotone-color-mixinsrgbcurrentcolor20transparent-111111-1\"><img loading=\"lazy\" decoding=\"async\" width=\"358\" height=\"285\" src=\"https:\/\/kayakclubmillau.com\/wp-content\/uploads\/2026\/03\/logo-mjc-millau-blanc.webp\" alt=\"\" class=\"wp-image-505\" srcset=\"https:\/\/kayakclubmillau.com\/wp-content\/uploads\/2026\/03\/logo-mjc-millau-blanc.webp 358w, https:\/\/kayakclubmillau.com\/wp-content\/uploads\/2026\/03\/logo-mjc-millau-blanc-300x239.webp 300w\" sizes=\"auto, (max-width: 358px) 100vw, 358px\" \/><\/figure>\n\n\n\n<figure class=\"wp-block-image size-large\"><img loading=\"lazy\" decoding=\"async\" width=\"1024\" height=\"781\" src=\"https:\/\/kayakclubmillau.com\/wp-content\/uploads\/2026\/03\/ffck-1024x781.png\" alt=\"\" class=\"wp-image-507\" srcset=\"https:\/\/kayakclubmillau.com\/wp-content\/uploads\/2026\/03\/ffck-1024x781.png 1024w, https:\/\/kayakclubmillau.com\/wp-content\/uploads\/2026\/03\/ffck-300x229.png 300w, https:\/\/kayakclubmillau.com\/wp-content\/uploads\/2026\/03\/ffck-768x585.png 768w, https:\/\/kayakclubmillau.com\/wp-content\/uploads\/2026\/03\/ffck-1536x1171.png 1536w, https:\/\/kayakclubmillau.com\/wp-content\/uploads\/2026\/03\/ffck.png 1960w\" sizes=\"auto, (max-width: 1024px) 100vw, 1024px\" \/><\/figure>\n\n\n\n<figure class=\"wp-block-image size-large\"><img loading=\"lazy\" decoding=\"async\" width=\"1024\" height=\"568\" src=\"https:\/\/kayakclubmillau.com\/wp-content\/uploads\/2026\/03\/International_Canoe_Federation_logo.svg_-1024x568.png\" alt=\"\" class=\"wp-image-506\" srcset=\"https:\/\/kayakclubmillau.com\/wp-content\/uploads\/2026\/03\/International_Canoe_Federation_logo.svg_-1024x568.png 1024w, https:\/\/kayakclubmillau.com\/wp-content\/uploads\/2026\/03\/International_Canoe_Federation_logo.svg_-300x166.png 300w, https:\/\/kayakclubmillau.com\/wp-content\/uploads\/2026\/03\/International_Canoe_Federation_logo.svg_-768x426.png 768w, https:\/\/kayakclubmillau.com\/wp-content\/uploads\/2026\/03\/International_Canoe_Federation_logo.svg_.png 1280w\" sizes=\"auto, (max-width: 1024px) 100vw, 1024px\" \/><\/figure>\n<\/div>\n\n\n\n<p><\/p>\n\n\n\n<p class=\"has-large-font-size\"><strong>Partenaires priv\u00e9s<\/strong><\/p>\n\n\n\n<p><\/p>\n\n\n\n<p><\/p>\n","protected":false},"excerpt":{"rendered":"<p>Partenaires institutionnels Partenaires priv\u00e9s<\/p>\n","protected":false},"author":1,"featured_media":0,"parent":0,"menu_order":0,"comment_status":"closed","ping_status":"closed","template":"page-no-title","meta":{"footnotes":""},"class_list":["post-657","page","type-page","status-publish","hentry"],"yoast_head":"<!-- This site is optimized with the Yoast SEO plugin v27.3 - https:\/\/yoast.com\/product\/yoast-seo-wordpress\/ -->\n<title>Partenaires - Kayak Club Millau<\/title>\n<meta name=\"description\" content=\"Host of the 2026 freestyle kayaking ICF World Cup #1\" \/>\n<meta name=\"robots\" content=\"index, follow, max-snippet:-1, max-image-preview:large, max-video-preview:-1\" \/>\n<link rel=\"canonical\" href=\"https:\/\/kayakclubmillau.com\/fr\/partenaires\/\" \/>\n<meta property=\"og:locale\" content=\"fr_FR\" \/>\n<meta property=\"og:type\" content=\"article\" \/>\n<meta property=\"og:title\" content=\"Partenaires - Kayak Club Millau\" \/>\n<meta property=\"og:description\" content=\"Host of the 2026 freestyle kayaking ICF World Cup #1\" \/>\n<meta property=\"og:url\" content=\"https:\/\/kayakclubmillau.com\/fr\/partenaires\/\" \/>\n<meta property=\"og:site_name\" content=\"Kayak Club Millau\" \/>\n<meta property=\"article:publisher\" content=\"https:\/\/www.facebook.com\/kayakclubmillau\" \/>\n<meta property=\"article:modified_time\" content=\"2026-04-09T13:42:04+00:00\" \/>\n<meta property=\"og:image\" content=\"https:\/\/kayakclubmillau.com\/wp-content\/uploads\/2026\/04\/Logo-Kayak-club-millau.jpg\" \/>\n\t<meta property=\"og:image:width\" content=\"1108\" \/>\n\t<meta property=\"og:image:height\" content=\"1108\" \/>\n\t<meta property=\"og:image:type\" content=\"image\/jpeg\" \/>\n<meta name=\"twitter:card\" content=\"summary_large_image\" \/>\n<meta name=\"twitter:label1\" content=\"Dur\u00e9e de lecture estim\u00e9e\" \/>\n\t<meta name=\"twitter:data1\" content=\"2 minutes\" \/>\n<script type=\"application\/ld+json\" class=\"yoast-schema-graph\">{\"@context\":\"https:\\\/\\\/schema.org\",\"@graph\":[{\"@type\":\"WebPage\",\"@id\":\"https:\\\/\\\/kayakclubmillau.com\\\/fr\\\/partenaires\\\/\",\"url\":\"https:\\\/\\\/kayakclubmillau.com\\\/fr\\\/partenaires\\\/\",\"name\":\"Partenaires - Kayak Club Millau\",\"isPartOf\":{\"@id\":\"https:\\\/\\\/kayakclubmillau.com\\\/fr\\\/#website\"},\"primaryImageOfPage\":{\"@id\":\"https:\\\/\\\/kayakclubmillau.com\\\/fr\\\/partenaires\\\/#primaryimage\"},\"image\":{\"@id\":\"https:\\\/\\\/kayakclubmillau.com\\\/fr\\\/partenaires\\\/#primaryimage\"},\"thumbnailUrl\":\"https:\\\/\\\/kayakclubmillau.com\\\/wp-content\\\/uploads\\\/2026\\\/04\\\/Logo-Kayak-club-millau-1024x1024.jpg\",\"datePublished\":\"2026-03-05T18:05:59+00:00\",\"dateModified\":\"2026-04-09T13:42:04+00:00\",\"description\":\"Host of the 2026 freestyle kayaking ICF World Cup #1\",\"breadcrumb\":{\"@id\":\"https:\\\/\\\/kayakclubmillau.com\\\/fr\\\/partenaires\\\/#breadcrumb\"},\"inLanguage\":\"fr-FR\",\"potentialAction\":[{\"@type\":\"ReadAction\",\"target\":[\"https:\\\/\\\/kayakclubmillau.com\\\/fr\\\/partenaires\\\/\"]}]},{\"@type\":\"ImageObject\",\"inLanguage\":\"fr-FR\",\"@id\":\"https:\\\/\\\/kayakclubmillau.com\\\/fr\\\/partenaires\\\/#primaryimage\",\"url\":\"https:\\\/\\\/kayakclubmillau.com\\\/wp-content\\\/uploads\\\/2026\\\/04\\\/Logo-Kayak-club-millau-1024x1024.jpg\",\"contentUrl\":\"https:\\\/\\\/kayakclubmillau.com\\\/wp-content\\\/uploads\\\/2026\\\/04\\\/Logo-Kayak-club-millau-1024x1024.jpg\"},{\"@type\":\"BreadcrumbList\",\"@id\":\"https:\\\/\\\/kayakclubmillau.com\\\/fr\\\/partenaires\\\/#breadcrumb\",\"itemListElement\":[{\"@type\":\"ListItem\",\"position\":1,\"name\":\"Accueil\",\"item\":\"https:\\\/\\\/kayakclubmillau.com\\\/fr\\\/\"},{\"@type\":\"ListItem\",\"position\":2,\"name\":\"Partenaires\"}]},{\"@type\":\"WebSite\",\"@id\":\"https:\\\/\\\/kayakclubmillau.com\\\/fr\\\/#website\",\"url\":\"https:\\\/\\\/kayakclubmillau.com\\\/fr\\\/\",\"name\":\"Kayak Club Millau\",\"description\":\"Host of the 2026 freestyle kayaking ICF World Cup #1\",\"publisher\":{\"@id\":\"https:\\\/\\\/kayakclubmillau.com\\\/fr\\\/#organization\"},\"potentialAction\":[{\"@type\":\"SearchAction\",\"target\":{\"@type\":\"EntryPoint\",\"urlTemplate\":\"https:\\\/\\\/kayakclubmillau.com\\\/fr\\\/?s={search_term_string}\"},\"query-input\":{\"@type\":\"PropertyValueSpecification\",\"valueRequired\":true,\"valueName\":\"search_term_string\"}}],\"inLanguage\":\"fr-FR\"},{\"@type\":\"Organization\",\"@id\":\"https:\\\/\\\/kayakclubmillau.com\\\/fr\\\/#organization\",\"name\":\"Kayak Club Millau\",\"url\":\"https:\\\/\\\/kayakclubmillau.com\\\/fr\\\/\",\"logo\":{\"@type\":\"ImageObject\",\"inLanguage\":\"fr-FR\",\"@id\":\"https:\\\/\\\/kayakclubmillau.com\\\/fr\\\/#\\\/schema\\\/logo\\\/image\\\/\",\"url\":\"https:\\\/\\\/kayakclubmillau.com\\\/wp-content\\\/uploads\\\/2026\\\/04\\\/cropped-logo-ICF-CANOE-FREESTYLE-WORLD-CUP-Millau-2026.png\",\"contentUrl\":\"https:\\\/\\\/kayakclubmillau.com\\\/wp-content\\\/uploads\\\/2026\\\/04\\\/cropped-logo-ICF-CANOE-FREESTYLE-WORLD-CUP-Millau-2026.png\",\"width\":512,\"height\":512,\"caption\":\"Kayak Club Millau\"},\"image\":{\"@id\":\"https:\\\/\\\/kayakclubmillau.com\\\/fr\\\/#\\\/schema\\\/logo\\\/image\\\/\"},\"sameAs\":[\"https:\\\/\\\/www.facebook.com\\\/kayakclubmillau\",\"https:\\\/\\\/www.instagram.com\\\/kayak_club_millau\\\/\",\"https:\\\/\\\/www.linkedin.com\\\/company\\\/kayak-club-millau\\\/about\\\/\"]}]}<\/script>\n<!-- \/ Yoast SEO plugin. -->","yoast_head_json":{"title":"Partenaires - Kayak Club Millau","description":"Host of the 2026 freestyle kayaking ICF World Cup #1","robots":{"index":"index","follow":"follow","max-snippet":"max-snippet:-1","max-image-preview":"max-image-preview:large","max-video-preview":"max-video-preview:-1"},"canonical":"https:\/\/kayakclubmillau.com\/fr\/partenaires\/","og_locale":"fr_FR","og_type":"article","og_title":"Partenaires - Kayak Club Millau","og_description":"Host of the 2026 freestyle kayaking ICF World Cup #1","og_url":"https:\/\/kayakclubmillau.com\/fr\/partenaires\/","og_site_name":"Kayak Club Millau","article_publisher":"https:\/\/www.facebook.com\/kayakclubmillau","article_modified_time":"2026-04-09T13:42:04+00:00","og_image":[{"width":1108,"height":1108,"url":"https:\/\/kayakclubmillau.com\/wp-content\/uploads\/2026\/04\/Logo-Kayak-club-millau.jpg","type":"image\/jpeg"}],"twitter_card":"summary_large_image","twitter_misc":{"Dur\u00e9e de lecture estim\u00e9e":"2 minutes"},"schema":{"@context":"https:\/\/schema.org","@graph":[{"@type":"WebPage","@id":"https:\/\/kayakclubmillau.com\/fr\/partenaires\/","url":"https:\/\/kayakclubmillau.com\/fr\/partenaires\/","name":"Partenaires - Kayak Club Millau","isPartOf":{"@id":"https:\/\/kayakclubmillau.com\/fr\/#website"},"primaryImageOfPage":{"@id":"https:\/\/kayakclubmillau.com\/fr\/partenaires\/#primaryimage"},"image":{"@id":"https:\/\/kayakclubmillau.com\/fr\/partenaires\/#primaryimage"},"thumbnailUrl":"https:\/\/kayakclubmillau.com\/wp-content\/uploads\/2026\/04\/Logo-Kayak-club-millau-1024x1024.jpg","datePublished":"2026-03-05T18:05:59+00:00","dateModified":"2026-04-09T13:42:04+00:00","description":"Host of the 2026 freestyle kayaking ICF World Cup #1","breadcrumb":{"@id":"https:\/\/kayakclubmillau.com\/fr\/partenaires\/#breadcrumb"},"inLanguage":"fr-FR","potentialAction":[{"@type":"ReadAction","target":["https:\/\/kayakclubmillau.com\/fr\/partenaires\/"]}]},{"@type":"ImageObject","inLanguage":"fr-FR","@id":"https:\/\/kayakclubmillau.com\/fr\/partenaires\/#primaryimage","url":"https:\/\/kayakclubmillau.com\/wp-content\/uploads\/2026\/04\/Logo-Kayak-club-millau-1024x1024.jpg","contentUrl":"https:\/\/kayakclubmillau.com\/wp-content\/uploads\/2026\/04\/Logo-Kayak-club-millau-1024x1024.jpg"},{"@type":"BreadcrumbList","@id":"https:\/\/kayakclubmillau.com\/fr\/partenaires\/#breadcrumb","itemListElement":[{"@type":"ListItem","position":1,"name":"Accueil","item":"https:\/\/kayakclubmillau.com\/fr\/"},{"@type":"ListItem","position":2,"name":"Partenaires"}]},{"@type":"WebSite","@id":"https:\/\/kayakclubmillau.com\/fr\/#website","url":"https:\/\/kayakclubmillau.com\/fr\/","name":"Kayak Club Millau","description":"Host of the 2026 freestyle kayaking ICF World Cup #1","publisher":{"@id":"https:\/\/kayakclubmillau.com\/fr\/#organization"},"potentialAction":[{"@type":"SearchAction","target":{"@type":"EntryPoint","urlTemplate":"https:\/\/kayakclubmillau.com\/fr\/?s={search_term_string}"},"query-input":{"@type":"PropertyValueSpecification","valueRequired":true,"valueName":"search_term_string"}}],"inLanguage":"fr-FR"},{"@type":"Organization","@id":"https:\/\/kayakclubmillau.com\/fr\/#organization","name":"Kayak Club Millau","url":"https:\/\/kayakclubmillau.com\/fr\/","logo":{"@type":"ImageObject","inLanguage":"fr-FR","@id":"https:\/\/kayakclubmillau.com\/fr\/#\/schema\/logo\/image\/","url":"https:\/\/kayakclubmillau.com\/wp-content\/uploads\/2026\/04\/cropped-logo-ICF-CANOE-FREESTYLE-WORLD-CUP-Millau-2026.png","contentUrl":"https:\/\/kayakclubmillau.com\/wp-content\/uploads\/2026\/04\/cropped-logo-ICF-CANOE-FREESTYLE-WORLD-CUP-Millau-2026.png","width":512,"height":512,"caption":"Kayak Club Millau"},"image":{"@id":"https:\/\/kayakclubmillau.com\/fr\/#\/schema\/logo\/image\/"},"sameAs":["https:\/\/www.facebook.com\/kayakclubmillau","https:\/\/www.instagram.com\/kayak_club_millau\/","https:\/\/www.linkedin.com\/company\/kayak-club-millau\/about\/"]}]}},"_links":{"self":[{"href":"https:\/\/kayakclubmillau.com\/fr\/wp-json\/wp\/v2\/pages\/657","targetHints":{"allow":["GET"]}}],"collection":[{"href":"https:\/\/kayakclubmillau.com\/fr\/wp-json\/wp\/v2\/pages"}],"about":[{"href":"https:\/\/kayakclubmillau.com\/fr\/wp-json\/wp\/v2\/types\/page"}],"author":[{"embeddable":true,"href":"https:\/\/kayakclubmillau.com\/fr\/wp-json\/wp\/v2\/users\/1"}],"replies":[{"embeddable":true,"href":"https:\/\/kayakclubmillau.com\/fr\/wp-json\/wp\/v2\/comments?post=657"}],"version-history":[{"count":2,"href":"https:\/\/kayakclubmillau.com\/fr\/wp-json\/wp\/v2\/pages\/657\/revisions"}],"predecessor-version":[{"id":825,"href":"https:\/\/kayakclubmillau.com\/fr\/wp-json\/wp\/v2\/pages\/657\/revisions\/825"}],"wp:attachment":[{"href":"https:\/\/kayakclubmillau.com\/fr\/wp-json\/wp\/v2\/media?parent=657"}],"curies":[{"name":"wp","href":"https:\/\/api.w.org\/{rel}","templated":true}]}}